{"id":235,"date":"2024-01-12T14:50:53","date_gmt":"2024-01-12T13:50:53","guid":{"rendered":"https:\/\/kktenis.pl\/tenis-club\/?page_id=235"},"modified":"2024-01-19T09:25:46","modified_gmt":"2024-01-19T08:25:46","slug":"kontakt","status":"publish","type":"page","link":"https:\/\/kktenis.pl\/tenis-club\/kontakt\/","title":{"rendered":"Kontakt"},"content":{"rendered":"\t\t<div data-elementor-type=\"wp-page\" data-elementor-id=\"235\" class=\"elementor elementor-235\" data-elementor-post-type=\"page\">\n\t\t\t\t<div class=\"elementor-element elementor-element-0e2f880 e-con-full e-flex e-con e-parent\" data-id=\"0e2f880\" data-element_type=\"container\" data-settings=\"{&quot;background_background&quot;:&quot;classic&quot;}\">\n\t\t\t\t<div class=\"elementor-element elementor-element-5e893fe elementor-widget elementor-widget-heading\" data-id=\"5e893fe\" data-element_type=\"widget\" data-widget_type=\"heading.default\">\n\t\t\t\t<div class=\"elementor-widget-container\">\n\t\t\t\t\t<h1 class=\"elementor-heading-title elementor-size-default\">Kontakt<\/h1>\t\t\t\t<\/div>\n\t\t\t\t<\/div>\n\t\t\t\t<\/div>\n\t\t<div class=\"elementor-element elementor-element-e2a2c7a e-flex e-con-boxed e-con e-parent\" data-id=\"e2a2c7a\" data-element_type=\"container\" data-settings=\"{&quot;background_background&quot;:&quot;classic&quot;}\">\n\t\t\t\t\t<div class=\"e-con-inner\">\n\t\t<div class=\"elementor-element elementor-element-a586861 e-con-full e-flex e-con e-child\" data-id=\"a586861\" data-element_type=\"container\">\n\t\t\t\t<div class=\"elementor-element elementor-element-98c6d1b elementor-widget__width-initial elementor-widget elementor-widget-ucaddon_side_border_heading\" data-id=\"98c6d1b\" data-element_type=\"widget\" data-widget_type=\"ucaddon_side_border_heading.default\">\n\t\t\t\t<div class=\"elementor-widget-container\">\n\t\t\t\t\t<!-- start Side Line Heading -->\n\t\t\t<style type=\"text\/css\">\/* widget: Side Line Heading *\/\n\n#uc_side_border_heading_elementor_98c6d1b\n{\n  display:flex;\n}\n\n#uc_side_border_heading_elementor_98c6d1b .side_border_heading_title\n{\n  color:black;\n}\n\n#uc_side_border_heading_elementor_98c6d1b .side_border_heading_subtitle\n{\n  line-height:1.5em;\n  color:gray;\n}\n#uc_side_border_heading_elementor_98c6d1b .side_border_heading_line_holder{\nflex-shrink: 0;\n}\n\n#uc_side_border_heading_elementor_98c6d1b .side_border_heading_line_spacer{\nflex-shrink: 0;\n}\n\n<\/style>\n\n\t\t\t<div id=\"uc_side_border_heading_elementor_98c6d1b\">\n  <div class=\"side_border_heading_line_holder\"><div class=\"side_border_heading_line\" style=\"background-color:#AA8453;\"><\/div><\/div>\n  <div class=\"side_border_heading_line_spacer\"><\/div>\n  <div>\n    <div class=\"side_border_heading_title\"><span  class=\"uc_style_side_border_heading_elementor_title\" style=\"color:#AA8453;\">Kompleks Sportowo-Rekreacyjny<\/span><\/div>\n    <div class=\"side_border_heading_subtitle\"><\/div>\n  <\/div>\n<\/div>\n\t\t\t<!-- end Side Line Heading -->\t\t\t\t<\/div>\n\t\t\t\t<\/div>\n\t\t\t\t<div class=\"elementor-element elementor-element-791c9d6 elementor-widget elementor-widget-heading\" data-id=\"791c9d6\" data-element_type=\"widget\" data-widget_type=\"heading.default\">\n\t\t\t\t<div class=\"elementor-widget-container\">\n\t\t\t\t\t<h2 class=\"elementor-heading-title elementor-size-default\">Kontakt<\/h2>\t\t\t\t<\/div>\n\t\t\t\t<\/div>\n\t\t<div class=\"elementor-element elementor-element-664931d e-flex e-con-boxed e-con e-child\" data-id=\"664931d\" data-element_type=\"container\" data-settings=\"{&quot;background_background&quot;:&quot;classic&quot;}\">\n\t\t\t\t\t<div class=\"e-con-inner\">\n\t\t<div class=\"elementor-element elementor-element-5b736fe animated-slow e-flex e-con-boxed elementor-invisible e-con e-child\" data-id=\"5b736fe\" data-element_type=\"container\" data-settings=\"{&quot;animation&quot;:&quot;fadeIn&quot;}\">\n\t\t\t\t\t<div class=\"e-con-inner\">\n\t\t<div class=\"elementor-element elementor-element-e6a334c e-flex e-con-boxed e-con e-child\" data-id=\"e6a334c\" data-element_type=\"container\">\n\t\t\t\t\t<div class=\"e-con-inner\">\n\t\t\t\t<div class=\"elementor-element elementor-element-c273f8c elementor-widget elementor-widget-heading\" data-id=\"c273f8c\" data-element_type=\"widget\" data-widget_type=\"heading.default\">\n\t\t\t\t<div class=\"elementor-widget-container\">\n\t\t\t\t\t<h3 class=\"elementor-heading-title elementor-size-default\">Napisz do nas<\/h3>\t\t\t\t<\/div>\n\t\t\t\t<\/div>\n\t\t\t\t<div class=\"elementor-element elementor-element-e37da83 elementor-widget elementor-widget-heading\" data-id=\"e37da83\" data-element_type=\"widget\" data-widget_type=\"heading.default\">\n\t\t\t\t<div class=\"elementor-widget-container\">\n\t\t\t\t\t<span class=\"elementor-heading-title elementor-size-default\">tenisclub@kktenis.pl<\/span>\t\t\t\t<\/div>\n\t\t\t\t<\/div>\n\t\t\t\t<div class=\"elementor-element elementor-element-cb434e4 elementor-widget elementor-widget-heading\" data-id=\"cb434e4\" data-element_type=\"widget\" data-widget_type=\"heading.default\">\n\t\t\t\t<div class=\"elementor-widget-container\">\n\t\t\t\t\t<span class=\"elementor-heading-title elementor-size-default\">andrzej@kktenis.pl<\/span>\t\t\t\t<\/div>\n\t\t\t\t<\/div>\n\t\t\t\t\t<\/div>\n\t\t\t\t<\/div>\n\t\t<div class=\"elementor-element elementor-element-f2f0194 e-flex e-con-boxed e-con e-child\" data-id=\"f2f0194\" data-element_type=\"container\">\n\t\t\t\t\t<div class=\"e-con-inner\">\n\t\t\t\t<div class=\"elementor-element elementor-element-eba2be0 elementor-widget elementor-widget-heading\" data-id=\"eba2be0\" data-element_type=\"widget\" data-widget_type=\"heading.default\">\n\t\t\t\t<div class=\"elementor-widget-container\">\n\t\t\t\t\t<h3 class=\"elementor-heading-title elementor-size-default\">Zadzwo\u0144 do nas<\/h3>\t\t\t\t<\/div>\n\t\t\t\t<\/div>\n\t\t\t\t<div class=\"elementor-element elementor-element-3706dc5 elementor-widget elementor-widget-heading\" data-id=\"3706dc5\" data-element_type=\"widget\" data-widget_type=\"heading.default\">\n\t\t\t\t<div class=\"elementor-widget-container\">\n\t\t\t\t\t<span class=\"elementor-heading-title elementor-size-default\">tel. kom. +48 602 632 996<\/span>\t\t\t\t<\/div>\n\t\t\t\t<\/div>\n\t\t\t\t<div class=\"elementor-element elementor-element-8387bf9 elementor-widget elementor-widget-heading\" data-id=\"8387bf9\" data-element_type=\"widget\" data-widget_type=\"heading.default\">\n\t\t\t\t<div class=\"elementor-widget-container\">\n\t\t\t\t\t<span class=\"elementor-heading-title elementor-size-default\">tel.\/fax 077 \/ 48 10 600<\/span>\t\t\t\t<\/div>\n\t\t\t\t<\/div>\n\t\t\t\t\t<\/div>\n\t\t\t\t<\/div>\n\t\t\t\t\t<\/div>\n\t\t\t\t<\/div>\n\t\t<div class=\"elementor-element elementor-element-e1cc057 animated-slow e-flex e-con-boxed elementor-invisible e-con e-child\" data-id=\"e1cc057\" data-element_type=\"container\" data-settings=\"{&quot;animation&quot;:&quot;fadeIn&quot;}\">\n\t\t\t\t\t<div class=\"e-con-inner\">\n\t\t<div class=\"elementor-element elementor-element-a71d188 e-con-full e-flex e-con e-child\" data-id=\"a71d188\" data-element_type=\"container\">\n\t\t\t\t<div class=\"elementor-element elementor-element-3df916d elementor-widget elementor-widget-heading\" data-id=\"3df916d\" data-element_type=\"widget\" data-widget_type=\"heading.default\">\n\t\t\t\t<div class=\"elementor-widget-container\">\n\t\t\t\t\t<h3 class=\"elementor-heading-title elementor-size-default\">Lokalizacja<\/h3>\t\t\t\t<\/div>\n\t\t\t\t<\/div>\n\t\t\t\t<div class=\"elementor-element elementor-element-335fc15 elementor-widget elementor-widget-heading\" data-id=\"335fc15\" data-element_type=\"widget\" data-widget_type=\"heading.default\">\n\t\t\t\t<div class=\"elementor-widget-container\">\n\t\t\t\t\t<span class=\"elementor-heading-title elementor-size-default\">ul. Boles\u0142awa \u015amia\u0142ego 2<br>\n47-232 K\u0119dzierzyn-Ko\u017ale<\/span>\t\t\t\t<\/div>\n\t\t\t\t<\/div>\n\t\t<div class=\"elementor-element elementor-element-ffccafe e-flex e-con-boxed e-con e-child\" data-id=\"ffccafe\" data-element_type=\"container\">\n\t\t\t\t\t<div class=\"e-con-inner\">\n\t\t\t\t<div class=\"elementor-element elementor-element-c821011 elementor-widget elementor-widget-heading\" data-id=\"c821011\" data-element_type=\"widget\" data-widget_type=\"heading.default\">\n\t\t\t\t<div class=\"elementor-widget-container\">\n\t\t\t\t\t<span class=\"elementor-heading-title elementor-size-default\">Firma Handlowa BAN-ART<br>\n\n<b>Tenis Club<\/b><br>\n\nul. Boles\u0142awa \u015amia\u0142ego 2<br>\n47-232 K\u0119dzierzyn-Ko\u017ale<br>\nNIP: 749-000-62-48<\/span>\t\t\t\t<\/div>\n\t\t\t\t<\/div>\n\t\t\t\t\t<\/div>\n\t\t\t\t<\/div>\n\t\t\t\t<\/div>\n\t\t<div class=\"elementor-element elementor-element-c787bf9 e-con-full e-flex e-con e-child\" data-id=\"c787bf9\" data-element_type=\"container\">\n\t\t\t\t<div class=\"elementor-element elementor-element-54238e3 elementor-widget elementor-widget-google_maps\" data-id=\"54238e3\" data-element_type=\"widget\" data-widget_type=\"google_maps.default\">\n\t\t\t\t<div class=\"elementor-widget-container\">\n\t\t\t\t\t\t\t<div class=\"elementor-custom-embed\">\n\t\t\t<iframe loading=\"lazy\"\n\t\t\t\t\tsrc=\"https:\/\/maps.google.com\/maps?q=boles%C5%82awa%20%C5%9Bmia%C5%82ego%202%20k%C4%99dzierzyn&#038;t=m&#038;z=13&#038;output=embed&#038;iwloc=near\"\n\t\t\t\t\ttitle=\"boles\u0142awa \u015bmia\u0142ego 2 k\u0119dzierzyn\"\n\t\t\t\t\taria-label=\"boles\u0142awa \u015bmia\u0142ego 2 k\u0119dzierzyn\"\n\t\t\t><\/iframe>\n\t\t<\/div>\n\t\t\t\t\t\t<\/div>\n\t\t\t\t<\/div>\n\t\t\t\t<\/div>\n\t\t\t\t\t<\/div>\n\t\t\t\t<\/div>\n\t\t\t\t\t<\/div>\n\t\t\t\t<\/div>\n\t\t\t\t<\/div>\n\t\t\t\t\t<\/div>\n\t\t\t\t<\/div>\n\t\t\t\t<\/div>\n\t\t","protected":false},"excerpt":{"rendered":"<p>Kontakt Kompleks Sportowo-Rekreacyjny Kontakt Napisz do nas tenisclub@kktenis.pl andrzej@kktenis.pl Zadzwo\u0144 do nas tel. kom. +48 602 632 996 tel.\/fax 077 \/ 48 10 600 Lokalizacja ul. Boles\u0142awa \u015amia\u0142ego 2 47-232 K\u0119dzierzyn-Ko\u017ale Firma Handlowa BAN-ART Tenis Club ul. Boles\u0142awa \u015amia\u0142ego 2 47-232 K\u0119dzierzyn-Ko\u017ale NIP: 749-000-62-48<\/p>\n","protected":false},"author":1,"featured_media":0,"parent":0,"menu_order":0,"comment_status":"closed","ping_status":"closed","template":"elementor_header_footer","meta":{"footnotes":""},"class_list":["post-235","page","type-page","status-publish","hentry"],"yoast_head":"<!-- This site is optimized with the Yoast SEO plugin v26.1.1 - https:\/\/yoast.com\/wordpress\/plugins\/seo\/ -->\n<title>Kontakt Hotel Tenis Club - Kompleks Sportowo-Rekreacyjny<\/title>\n<meta name=\"description\" content=\"Kontakt - masz pytania dotycz\u0105ce Hotelu Tenis Club? Na naszej stronie kontaktowej znajdziesz: numer telefonu, adres e-mail i lokalizacj\u0119.\" \/>\n<meta name=\"robots\" content=\"index, follow, max-snippet:-1, max-image-preview:large, max-video-preview:-1\" \/>\n<link rel=\"canonical\" href=\"https:\/\/kktenis.pl\/tenis-club\/kontakt\/\" \/>\n<meta property=\"og:locale\" content=\"pl_PL\" \/>\n<meta property=\"og:type\" content=\"article\" \/>\n<meta property=\"og:title\" content=\"Kontakt Hotel Tenis Club - Kompleks Sportowo-Rekreacyjny\" \/>\n<meta property=\"og:description\" content=\"Kontakt - masz pytania dotycz\u0105ce Hotelu Tenis Club? Na naszej stronie kontaktowej znajdziesz: numer telefonu, adres e-mail i lokalizacj\u0119.\" \/>\n<meta property=\"og:url\" content=\"https:\/\/kktenis.pl\/tenis-club\/kontakt\/\" \/>\n<meta property=\"og:site_name\" content=\"Kompleks Sportowo-Rekreacyjny\" \/>\n<meta property=\"article:modified_time\" content=\"2024-01-19T08:25:46+00:00\" \/>\n<meta name=\"twitter:card\" content=\"summary_large_image\" \/>\n<meta name=\"twitter:label1\" content=\"Szacowany czas czytania\" \/>\n\t<meta name=\"twitter:data1\" content=\"1 minuta\" \/>\n<script type=\"application\/ld+json\" class=\"yoast-schema-graph\">{\"@context\":\"https:\/\/schema.org\",\"@graph\":[{\"@type\":\"WebPage\",\"@id\":\"https:\/\/kktenis.pl\/tenis-club\/kontakt\/\",\"url\":\"https:\/\/kktenis.pl\/tenis-club\/kontakt\/\",\"name\":\"Kontakt Hotel Tenis Club - Kompleks Sportowo-Rekreacyjny\",\"isPartOf\":{\"@id\":\"https:\/\/kktenis.pl\/tenis-club\/#website\"},\"datePublished\":\"2024-01-12T13:50:53+00:00\",\"dateModified\":\"2024-01-19T08:25:46+00:00\",\"description\":\"Kontakt - masz pytania dotycz\u0105ce Hotelu Tenis Club? Na naszej stronie kontaktowej znajdziesz: numer telefonu, adres e-mail i lokalizacj\u0119.\",\"breadcrumb\":{\"@id\":\"https:\/\/kktenis.pl\/tenis-club\/kontakt\/#breadcrumb\"},\"inLanguage\":\"pl-PL\",\"potentialAction\":[{\"@type\":\"ReadAction\",\"target\":[\"https:\/\/kktenis.pl\/tenis-club\/kontakt\/\"]}]},{\"@type\":\"BreadcrumbList\",\"@id\":\"https:\/\/kktenis.pl\/tenis-club\/kontakt\/#breadcrumb\",\"itemListElement\":[{\"@type\":\"ListItem\",\"position\":1,\"name\":\"Strona g\u0142\u00f3wna\",\"item\":\"https:\/\/kktenis.pl\/tenis-club\/\"},{\"@type\":\"ListItem\",\"position\":2,\"name\":\"Kontakt\"}]},{\"@type\":\"WebSite\",\"@id\":\"https:\/\/kktenis.pl\/tenis-club\/#website\",\"url\":\"https:\/\/kktenis.pl\/tenis-club\/\",\"name\":\"Kompleks Sportowo-Rekreacyjny\",\"description\":\"K\u0119dzierzyn-Ko\u017ale\",\"publisher\":{\"@id\":\"https:\/\/kktenis.pl\/tenis-club\/#organization\"},\"potentialAction\":[{\"@type\":\"SearchAction\",\"target\":{\"@type\":\"EntryPoint\",\"urlTemplate\":\"https:\/\/kktenis.pl\/tenis-club\/?s={search_term_string}\"},\"query-input\":{\"@type\":\"PropertyValueSpecification\",\"valueRequired\":true,\"valueName\":\"search_term_string\"}}],\"inLanguage\":\"pl-PL\"},{\"@type\":\"Organization\",\"@id\":\"https:\/\/kktenis.pl\/tenis-club\/#organization\",\"name\":\"Kompleks Sportowo-Rekreacyjny\",\"url\":\"https:\/\/kktenis.pl\/tenis-club\/\",\"logo\":{\"@type\":\"ImageObject\",\"inLanguage\":\"pl-PL\",\"@id\":\"https:\/\/kktenis.pl\/tenis-club\/#\/schema\/logo\/image\/\",\"url\":\"https:\/\/kktenis.pl\/tenis-club\/wp-content\/uploads\/2020\/04\/logo-3.png\",\"contentUrl\":\"https:\/\/kktenis.pl\/tenis-club\/wp-content\/uploads\/2020\/04\/logo-3.png\",\"width\":183,\"height\":79,\"caption\":\"Kompleks Sportowo-Rekreacyjny\"},\"image\":{\"@id\":\"https:\/\/kktenis.pl\/tenis-club\/#\/schema\/logo\/image\/\"}}]}<\/script>\n<!-- \/ Yoast SEO plugin. -->","yoast_head_json":{"title":"Kontakt Hotel Tenis Club - Kompleks Sportowo-Rekreacyjny","description":"Kontakt - masz pytania dotycz\u0105ce Hotelu Tenis Club? Na naszej stronie kontaktowej znajdziesz: numer telefonu, adres e-mail i lokalizacj\u0119.","robots":{"index":"index","follow":"follow","max-snippet":"max-snippet:-1","max-image-preview":"max-image-preview:large","max-video-preview":"max-video-preview:-1"},"canonical":"https:\/\/kktenis.pl\/tenis-club\/kontakt\/","og_locale":"pl_PL","og_type":"article","og_title":"Kontakt Hotel Tenis Club - Kompleks Sportowo-Rekreacyjny","og_description":"Kontakt - masz pytania dotycz\u0105ce Hotelu Tenis Club? Na naszej stronie kontaktowej znajdziesz: numer telefonu, adres e-mail i lokalizacj\u0119.","og_url":"https:\/\/kktenis.pl\/tenis-club\/kontakt\/","og_site_name":"Kompleks Sportowo-Rekreacyjny","article_modified_time":"2024-01-19T08:25:46+00:00","twitter_card":"summary_large_image","twitter_misc":{"Szacowany czas czytania":"1 minuta"},"schema":{"@context":"https:\/\/schema.org","@graph":[{"@type":"WebPage","@id":"https:\/\/kktenis.pl\/tenis-club\/kontakt\/","url":"https:\/\/kktenis.pl\/tenis-club\/kontakt\/","name":"Kontakt Hotel Tenis Club - Kompleks Sportowo-Rekreacyjny","isPartOf":{"@id":"https:\/\/kktenis.pl\/tenis-club\/#website"},"datePublished":"2024-01-12T13:50:53+00:00","dateModified":"2024-01-19T08:25:46+00:00","description":"Kontakt - masz pytania dotycz\u0105ce Hotelu Tenis Club? Na naszej stronie kontaktowej znajdziesz: numer telefonu, adres e-mail i lokalizacj\u0119.","breadcrumb":{"@id":"https:\/\/kktenis.pl\/tenis-club\/kontakt\/#breadcrumb"},"inLanguage":"pl-PL","potentialAction":[{"@type":"ReadAction","target":["https:\/\/kktenis.pl\/tenis-club\/kontakt\/"]}]},{"@type":"BreadcrumbList","@id":"https:\/\/kktenis.pl\/tenis-club\/kontakt\/#breadcrumb","itemListElement":[{"@type":"ListItem","position":1,"name":"Strona g\u0142\u00f3wna","item":"https:\/\/kktenis.pl\/tenis-club\/"},{"@type":"ListItem","position":2,"name":"Kontakt"}]},{"@type":"WebSite","@id":"https:\/\/kktenis.pl\/tenis-club\/#website","url":"https:\/\/kktenis.pl\/tenis-club\/","name":"Kompleks Sportowo-Rekreacyjny","description":"K\u0119dzierzyn-Ko\u017ale","publisher":{"@id":"https:\/\/kktenis.pl\/tenis-club\/#organization"},"potentialAction":[{"@type":"SearchAction","target":{"@type":"EntryPoint","urlTemplate":"https:\/\/kktenis.pl\/tenis-club\/?s={search_term_string}"},"query-input":{"@type":"PropertyValueSpecification","valueRequired":true,"valueName":"search_term_string"}}],"inLanguage":"pl-PL"},{"@type":"Organization","@id":"https:\/\/kktenis.pl\/tenis-club\/#organization","name":"Kompleks Sportowo-Rekreacyjny","url":"https:\/\/kktenis.pl\/tenis-club\/","logo":{"@type":"ImageObject","inLanguage":"pl-PL","@id":"https:\/\/kktenis.pl\/tenis-club\/#\/schema\/logo\/image\/","url":"https:\/\/kktenis.pl\/tenis-club\/wp-content\/uploads\/2020\/04\/logo-3.png","contentUrl":"https:\/\/kktenis.pl\/tenis-club\/wp-content\/uploads\/2020\/04\/logo-3.png","width":183,"height":79,"caption":"Kompleks Sportowo-Rekreacyjny"},"image":{"@id":"https:\/\/kktenis.pl\/tenis-club\/#\/schema\/logo\/image\/"}}]}},"_links":{"self":[{"href":"https:\/\/kktenis.pl\/tenis-club\/wp-json\/wp\/v2\/pages\/235","targetHints":{"allow":["GET"]}}],"collection":[{"href":"https:\/\/kktenis.pl\/tenis-club\/wp-json\/wp\/v2\/pages"}],"about":[{"href":"https:\/\/kktenis.pl\/tenis-club\/wp-json\/wp\/v2\/types\/page"}],"author":[{"embeddable":true,"href":"https:\/\/kktenis.pl\/tenis-club\/wp-json\/wp\/v2\/users\/1"}],"replies":[{"embeddable":true,"href":"https:\/\/kktenis.pl\/tenis-club\/wp-json\/wp\/v2\/comments?post=235"}],"version-history":[{"count":19,"href":"https:\/\/kktenis.pl\/tenis-club\/wp-json\/wp\/v2\/pages\/235\/revisions"}],"predecessor-version":[{"id":510,"href":"https:\/\/kktenis.pl\/tenis-club\/wp-json\/wp\/v2\/pages\/235\/revisions\/510"}],"wp:attachment":[{"href":"https:\/\/kktenis.pl\/tenis-club\/wp-json\/wp\/v2\/media?parent=235"}],"curies":[{"name":"wp","href":"https:\/\/api.w.org\/{rel}","templated":true}]}}