{"id":233,"date":"2024-01-12T14:49:56","date_gmt":"2024-01-12T13:49:56","guid":{"rendered":"https:\/\/kktenis.pl\/tenis-club\/?page_id=233"},"modified":"2024-01-19T09:13:09","modified_gmt":"2024-01-19T08:13:09","slug":"rezerwacja","status":"publish","type":"page","link":"https:\/\/kktenis.pl\/tenis-club\/rezerwacja\/","title":{"rendered":"Rezerwacja"},"content":{"rendered":"\t\t<div data-elementor-type=\"wp-page\" data-elementor-id=\"233\" class=\"elementor elementor-233\" data-elementor-post-type=\"page\">\n\t\t\t\t<div class=\"elementor-element elementor-element-39aff82 e-con-full e-flex e-con e-parent\" data-id=\"39aff82\" data-element_type=\"container\" data-settings=\"{&quot;background_background&quot;:&quot;classic&quot;}\">\n\t\t\t\t<div class=\"elementor-element elementor-element-d8bae1a elementor-widget elementor-widget-heading\" data-id=\"d8bae1a\" data-element_type=\"widget\" data-widget_type=\"heading.default\">\n\t\t\t\t<div class=\"elementor-widget-container\">\n\t\t\t\t\t<h1 class=\"elementor-heading-title elementor-size-default\">Rezerwacja<\/h1>\t\t\t\t<\/div>\n\t\t\t\t<\/div>\n\t\t\t\t<\/div>\n\t\t<div class=\"elementor-element elementor-element-f9c2e51 e-flex e-con-boxed e-con e-child\" data-id=\"f9c2e51\" data-element_type=\"container\">\n\t\t\t\t\t<div class=\"e-con-inner\">\n\t\t\t\t<div class=\"elementor-element elementor-element-e1bfa29 elementor-widget__width-initial elementor-widget elementor-widget-ucaddon_side_border_heading\" data-id=\"e1bfa29\" data-element_type=\"widget\" data-widget_type=\"ucaddon_side_border_heading.default\">\n\t\t\t\t<div class=\"elementor-widget-container\">\n\t\t\t\t\t<!-- start Side Line Heading -->\n\t\t\t<style type=\"text\/css\">\/* widget: Side Line Heading *\/\n\n#uc_side_border_heading_elementor_e1bfa29\n{\n  display:flex;\n}\n\n#uc_side_border_heading_elementor_e1bfa29 .side_border_heading_title\n{\n  color:black;\n}\n\n#uc_side_border_heading_elementor_e1bfa29 .side_border_heading_subtitle\n{\n  line-height:1.5em;\n  color:gray;\n}\n#uc_side_border_heading_elementor_e1bfa29 .side_border_heading_line_holder{\nflex-shrink: 0;\n}\n\n#uc_side_border_heading_elementor_e1bfa29 .side_border_heading_line_spacer{\nflex-shrink: 0;\n}\n\n<\/style>\n\n\t\t\t<div id=\"uc_side_border_heading_elementor_e1bfa29\">\n  <div class=\"side_border_heading_line_holder\"><div class=\"side_border_heading_line\" style=\"background-color:#AA8453;\"><\/div><\/div>\n  <div class=\"side_border_heading_line_spacer\"><\/div>\n  <div>\n    <div class=\"side_border_heading_title\"><span  class=\"uc_style_side_border_heading_elementor_title\" style=\"color:#AA8453;\">Kontakt<\/span><\/div>\n    <div class=\"side_border_heading_subtitle\"><\/div>\n  <\/div>\n<\/div>\n\t\t\t<!-- end Side Line Heading -->\t\t\t\t<\/div>\n\t\t\t\t<\/div>\n\t\t\t\t<div class=\"elementor-element elementor-element-7710004 elementor-widget elementor-widget-heading\" data-id=\"7710004\" data-element_type=\"widget\" data-widget_type=\"heading.default\">\n\t\t\t\t<div class=\"elementor-widget-container\">\n\t\t\t\t\t<h2 class=\"elementor-heading-title elementor-size-default\">Rezerwacja<\/h2>\t\t\t\t<\/div>\n\t\t\t\t<\/div>\n\t\t<div class=\"elementor-element elementor-element-2be3966 e-flex e-con-boxed e-con e-child\" data-id=\"2be3966\" data-element_type=\"container\" data-settings=\"{&quot;background_background&quot;:&quot;classic&quot;}\">\n\t\t\t\t\t<div class=\"e-con-inner\">\n\t\t<div class=\"elementor-element elementor-element-026379e animated-slow e-flex e-con-boxed elementor-invisible e-con e-child\" data-id=\"026379e\" data-element_type=\"container\" data-settings=\"{&quot;animation&quot;:&quot;fadeIn&quot;}\">\n\t\t\t\t\t<div class=\"e-con-inner\">\n\t\t\t\t<div class=\"elementor-element elementor-element-0d72fa7 elementor-widget elementor-widget-heading\" data-id=\"0d72fa7\" data-element_type=\"widget\" data-widget_type=\"heading.default\">\n\t\t\t\t<div class=\"elementor-widget-container\">\n\t\t\t\t\t<h3 class=\"elementor-heading-title elementor-size-default\">Rezerwacja oraz szczeg\u00f3\u0142owy cennik dost\u0119pny jest telefonicznie.<\/h3>\t\t\t\t<\/div>\n\t\t\t\t<\/div>\n\t\t<div class=\"elementor-element elementor-element-71990fe e-flex e-con-boxed e-con e-child\" data-id=\"71990fe\" data-element_type=\"container\">\n\t\t\t\t\t<div class=\"e-con-inner\">\n\t\t\t\t<div class=\"elementor-element elementor-element-f89b947 elementor-widget elementor-widget-heading\" data-id=\"f89b947\" data-element_type=\"widget\" data-widget_type=\"heading.default\">\n\t\t\t\t<div class=\"elementor-widget-container\">\n\t\t\t\t\t<h4 class=\"elementor-heading-title elementor-size-default\">Zadzwo\u0144 do nas<\/h4>\t\t\t\t<\/div>\n\t\t\t\t<\/div>\n\t\t\t\t<div class=\"elementor-element elementor-element-e7a3b2d elementor-widget elementor-widget-heading\" data-id=\"e7a3b2d\" data-element_type=\"widget\" data-widget_type=\"heading.default\">\n\t\t\t\t<div class=\"elementor-widget-container\">\n\t\t\t\t\t<span class=\"elementor-heading-title elementor-size-default\">tel. kom. +48 602 632 996<\/span>\t\t\t\t<\/div>\n\t\t\t\t<\/div>\n\t\t\t\t<div class=\"elementor-element elementor-element-10a9241 elementor-widget elementor-widget-heading\" data-id=\"10a9241\" data-element_type=\"widget\" data-widget_type=\"heading.default\">\n\t\t\t\t<div class=\"elementor-widget-container\">\n\t\t\t\t\t<span class=\"elementor-heading-title elementor-size-default\">tel.\/fax 077 \/ 48 10 600<\/span>\t\t\t\t<\/div>\n\t\t\t\t<\/div>\n\t\t\t\t\t<\/div>\n\t\t\t\t<\/div>\n\t\t\t\t<div class=\"elementor-element elementor-element-bb6b877 elementor-widget elementor-widget-heading\" data-id=\"bb6b877\" data-element_type=\"widget\" data-widget_type=\"heading.default\">\n\t\t\t\t<div class=\"elementor-widget-container\">\n\t\t\t\t\t<h4 class=\"elementor-heading-title elementor-size-default\">Akceptujemy karty p\u0142atnicze<\/h4>\t\t\t\t<\/div>\n\t\t\t\t<\/div>\n\t\t<div class=\"elementor-element elementor-element-953d465 e-flex e-con-boxed e-con e-child\" data-id=\"953d465\" data-element_type=\"container\">\n\t\t\t\t\t<div class=\"e-con-inner\">\n\t\t\t\t<div class=\"elementor-element elementor-element-47a9f35 elementor-widget__width-auto elementor-widget elementor-widget-image\" data-id=\"47a9f35\" data-element_type=\"widget\" data-widget_type=\"image.default\">\n\t\t\t\t<div class=\"elementor-widget-container\">\n\t\t\t\t\t\t\t\t\t\t\t\t\t\t\t<img decoding=\"async\" width=\"37\" height=\"23\" src=\"https:\/\/kktenis.pl\/tenis-club\/wp-content\/uploads\/2024\/01\/maestro.png\" class=\"attachment-large size-large wp-image-359\" alt=\"\" \/>\t\t\t\t\t\t\t\t\t\t\t\t\t\t\t<\/div>\n\t\t\t\t<\/div>\n\t\t\t\t<div class=\"elementor-element elementor-element-34fa956 elementor-widget__width-auto elementor-widget elementor-widget-image\" data-id=\"34fa956\" data-element_type=\"widget\" data-widget_type=\"image.default\">\n\t\t\t\t<div class=\"elementor-widget-container\">\n\t\t\t\t\t\t\t\t\t\t\t\t\t\t\t<img decoding=\"async\" width=\"37\" height=\"23\" src=\"https:\/\/kktenis.pl\/tenis-club\/wp-content\/uploads\/2024\/01\/mc.png\" class=\"attachment-large size-large wp-image-360\" alt=\"\" \/>\t\t\t\t\t\t\t\t\t\t\t\t\t\t\t<\/div>\n\t\t\t\t<\/div>\n\t\t\t\t<div class=\"elementor-element elementor-element-d277d2e elementor-widget__width-auto elementor-widget elementor-widget-image\" data-id=\"d277d2e\" data-element_type=\"widget\" data-widget_type=\"image.default\">\n\t\t\t\t<div class=\"elementor-widget-container\">\n\t\t\t\t\t\t\t\t\t\t\t\t\t\t\t<img decoding=\"async\" width=\"37\" height=\"23\" src=\"https:\/\/kktenis.pl\/tenis-club\/wp-content\/uploads\/2024\/01\/visa.png\" class=\"attachment-large size-large wp-image-362\" alt=\"\" \/>\t\t\t\t\t\t\t\t\t\t\t\t\t\t\t<\/div>\n\t\t\t\t<\/div>\n\t\t\t\t<div class=\"elementor-element elementor-element-1f02387 elementor-widget__width-auto elementor-widget elementor-widget-image\" data-id=\"1f02387\" data-element_type=\"widget\" data-widget_type=\"image.default\">\n\t\t\t\t<div class=\"elementor-widget-container\">\n\t\t\t\t\t\t\t\t\t\t\t\t\t\t\t<img loading=\"lazy\" decoding=\"async\" width=\"37\" height=\"23\" src=\"https:\/\/kktenis.pl\/tenis-club\/wp-content\/uploads\/2024\/01\/ve.png\" class=\"attachment-large size-large wp-image-361\" alt=\"\" \/>\t\t\t\t\t\t\t\t\t\t\t\t\t\t\t<\/div>\n\t\t\t\t<\/div>\n\t\t\t\t\t<\/div>\n\t\t\t\t<\/div>\n\t\t\t\t<div class=\"elementor-element elementor-element-154b0cc elementor-widget elementor-widget-heading\" data-id=\"154b0cc\" data-element_type=\"widget\" data-widget_type=\"heading.default\">\n\t\t\t\t<div class=\"elementor-widget-container\">\n\t\t\t\t\t<h4 class=\"elementor-heading-title elementor-size-default\">Kompleks posiada bezp\u0142atny parking.\n\n<\/h4>\t\t\t\t<\/div>\n\t\t\t\t<\/div>\n\t\t\t\t\t<\/div>\n\t\t\t\t<\/div>\n\t\t\t\t<div class=\"elementor-element elementor-element-afc007f animated-slow elementor-invisible elementor-widget elementor-widget-qi_addons_for_elementor_call_to_action\" data-id=\"afc007f\" data-element_type=\"widget\" data-settings=\"{&quot;_animation&quot;:&quot;fadeIn&quot;}\" data-widget_type=\"qi_addons_for_elementor_call_to_action.default\">\n\t\t\t\t<div class=\"elementor-widget-container\">\n\t\t\t\t\t<div class=\"qodef-shortcode qodef-m qodef-qi-call-to-action qodef-layout--standard qodef-button-below--1024\">\n\t<div class=\"qodef-m-inner\">\n\t\t<div class=\"qodef-m-content\">\n\t\t\t<h3 class=\"qodef-m-title\">\n\t\t\tZnajdziesz nas na Booking.com\t\t<\/h3>\n\t\t\t\t<div class=\"qodef-m-text\">\n\t\t\tZarezerwuj sw\u00f3j pobyt poprzez aplikacj\u0119 Booking.com\t\t<\/div>\n\t<\/div>\n\t\t\t<div class=\"qodef-m-button\">\n\t\t<a class=\"qodef-shortcode qodef-m qodef-qi-button qodef-html--link qodef-layout--filled qodef-type--standard qodef-icon--right qodef-hover--icon-move-horizontal-short\" href=\"https:\/\/www.booking.com\/Share-xYNeM1\" target=\"_self\">\t<span class=\"qodef-m-text\">Zarezerwuj<\/span>\t<\/a>\t<\/div>\n\t\t\t<\/div>\n<\/div>\n\t\t\t\t<\/div>\n\t\t\t\t<\/div>\n\t\t\t\t\t<\/div>\n\t\t\t\t<\/div>\n\t\t\t\t\t<\/div>\n\t\t\t\t<\/div>\n\t\t\t\t<\/div>\n\t\t","protected":false},"excerpt":{"rendered":"<p>Rezerwacja Kontakt Rezerwacja Rezerwacja oraz szczeg\u00f3\u0142owy cennik dost\u0119pny jest telefonicznie. Zadzwo\u0144 do nas tel. kom. +48 602 632 996 tel.\/fax 077 \/ 48 10 600 Akceptujemy karty p\u0142atnicze Kompleks posiada bezp\u0142atny parking. Znajdziesz nas na Booking.com Zarezerwuj sw\u00f3j pobyt poprzez aplikacj\u0119 Booking.com Zarezerwuj<\/p>\n","protected":false},"author":1,"featured_media":0,"parent":0,"menu_order":0,"comment_status":"closed","ping_status":"closed","template":"elementor_header_footer","meta":{"footnotes":""},"class_list":["post-233","page","type-page","status-publish","hentry"],"yoast_head":"<!-- This site is optimized with the Yoast SEO plugin v26.1.1 - https:\/\/yoast.com\/wordpress\/plugins\/seo\/ -->\n<title>Hotel Tenis Club Rezerwacja Online - Kompleks Sportowo-Rekreacyjny<\/title>\n<meta name=\"description\" content=\"Rezerwacja - gwarancja najlepszej ceny i pe\u0142na elastyczno\u015b\u0107 przy rezerwacji Twojego pokoju w Hotelu Tenis Club.\" \/>\n<meta name=\"robots\" content=\"index, follow, max-snippet:-1, max-image-preview:large, max-video-preview:-1\" \/>\n<link rel=\"canonical\" href=\"https:\/\/kktenis.pl\/tenis-club\/rezerwacja\/\" \/>\n<meta property=\"og:locale\" content=\"pl_PL\" \/>\n<meta property=\"og:type\" content=\"article\" \/>\n<meta property=\"og:title\" content=\"Hotel Tenis Club Rezerwacja Online - Kompleks Sportowo-Rekreacyjny\" \/>\n<meta property=\"og:description\" content=\"Rezerwacja - gwarancja najlepszej ceny i pe\u0142na elastyczno\u015b\u0107 przy rezerwacji Twojego pokoju w Hotelu Tenis Club.\" \/>\n<meta property=\"og:url\" content=\"https:\/\/kktenis.pl\/tenis-club\/rezerwacja\/\" \/>\n<meta property=\"og:site_name\" content=\"Kompleks Sportowo-Rekreacyjny\" \/>\n<meta property=\"article:modified_time\" content=\"2024-01-19T08:13:09+00:00\" \/>\n<meta property=\"og:image\" content=\"https:\/\/kktenis.pl\/tenis-club\/wp-content\/uploads\/2024\/01\/maestro.png\" \/>\n<meta name=\"twitter:card\" content=\"summary_large_image\" \/>\n<meta name=\"twitter:label1\" content=\"Szacowany czas czytania\" \/>\n\t<meta name=\"twitter:data1\" content=\"2 minuty\" \/>\n<script type=\"application\/ld+json\" class=\"yoast-schema-graph\">{\"@context\":\"https:\/\/schema.org\",\"@graph\":[{\"@type\":\"WebPage\",\"@id\":\"https:\/\/kktenis.pl\/tenis-club\/rezerwacja\/\",\"url\":\"https:\/\/kktenis.pl\/tenis-club\/rezerwacja\/\",\"name\":\"Hotel Tenis Club Rezerwacja Online - Kompleks Sportowo-Rekreacyjny\",\"isPartOf\":{\"@id\":\"https:\/\/kktenis.pl\/tenis-club\/#website\"},\"primaryImageOfPage\":{\"@id\":\"https:\/\/kktenis.pl\/tenis-club\/rezerwacja\/#primaryimage\"},\"image\":{\"@id\":\"https:\/\/kktenis.pl\/tenis-club\/rezerwacja\/#primaryimage\"},\"thumbnailUrl\":\"https:\/\/kktenis.pl\/tenis-club\/wp-content\/uploads\/2024\/01\/maestro.png\",\"datePublished\":\"2024-01-12T13:49:56+00:00\",\"dateModified\":\"2024-01-19T08:13:09+00:00\",\"description\":\"Rezerwacja - gwarancja najlepszej ceny i pe\u0142na elastyczno\u015b\u0107 przy rezerwacji Twojego pokoju w Hotelu Tenis Club.\",\"breadcrumb\":{\"@id\":\"https:\/\/kktenis.pl\/tenis-club\/rezerwacja\/#breadcrumb\"},\"inLanguage\":\"pl-PL\",\"potentialAction\":[{\"@type\":\"ReadAction\",\"target\":[\"https:\/\/kktenis.pl\/tenis-club\/rezerwacja\/\"]}]},{\"@type\":\"ImageObject\",\"inLanguage\":\"pl-PL\",\"@id\":\"https:\/\/kktenis.pl\/tenis-club\/rezerwacja\/#primaryimage\",\"url\":\"https:\/\/kktenis.pl\/tenis-club\/wp-content\/uploads\/2024\/01\/maestro.png\",\"contentUrl\":\"https:\/\/kktenis.pl\/tenis-club\/wp-content\/uploads\/2024\/01\/maestro.png\",\"width\":37,\"height\":23},{\"@type\":\"BreadcrumbList\",\"@id\":\"https:\/\/kktenis.pl\/tenis-club\/rezerwacja\/#breadcrumb\",\"itemListElement\":[{\"@type\":\"ListItem\",\"position\":1,\"name\":\"Strona g\u0142\u00f3wna\",\"item\":\"https:\/\/kktenis.pl\/tenis-club\/\"},{\"@type\":\"ListItem\",\"position\":2,\"name\":\"Rezerwacja\"}]},{\"@type\":\"WebSite\",\"@id\":\"https:\/\/kktenis.pl\/tenis-club\/#website\",\"url\":\"https:\/\/kktenis.pl\/tenis-club\/\",\"name\":\"Kompleks Sportowo-Rekreacyjny\",\"description\":\"K\u0119dzierzyn-Ko\u017ale\",\"publisher\":{\"@id\":\"https:\/\/kktenis.pl\/tenis-club\/#organization\"},\"potentialAction\":[{\"@type\":\"SearchAction\",\"target\":{\"@type\":\"EntryPoint\",\"urlTemplate\":\"https:\/\/kktenis.pl\/tenis-club\/?s={search_term_string}\"},\"query-input\":{\"@type\":\"PropertyValueSpecification\",\"valueRequired\":true,\"valueName\":\"search_term_string\"}}],\"inLanguage\":\"pl-PL\"},{\"@type\":\"Organization\",\"@id\":\"https:\/\/kktenis.pl\/tenis-club\/#organization\",\"name\":\"Kompleks Sportowo-Rekreacyjny\",\"url\":\"https:\/\/kktenis.pl\/tenis-club\/\",\"logo\":{\"@type\":\"ImageObject\",\"inLanguage\":\"pl-PL\",\"@id\":\"https:\/\/kktenis.pl\/tenis-club\/#\/schema\/logo\/image\/\",\"url\":\"https:\/\/kktenis.pl\/tenis-club\/wp-content\/uploads\/2020\/04\/logo-3.png\",\"contentUrl\":\"https:\/\/kktenis.pl\/tenis-club\/wp-content\/uploads\/2020\/04\/logo-3.png\",\"width\":183,\"height\":79,\"caption\":\"Kompleks Sportowo-Rekreacyjny\"},\"image\":{\"@id\":\"https:\/\/kktenis.pl\/tenis-club\/#\/schema\/logo\/image\/\"}}]}<\/script>\n<!-- \/ Yoast SEO plugin. -->","yoast_head_json":{"title":"Hotel Tenis Club Rezerwacja Online - Kompleks Sportowo-Rekreacyjny","description":"Rezerwacja - gwarancja najlepszej ceny i pe\u0142na elastyczno\u015b\u0107 przy rezerwacji Twojego pokoju w Hotelu Tenis Club.","robots":{"index":"index","follow":"follow","max-snippet":"max-snippet:-1","max-image-preview":"max-image-preview:large","max-video-preview":"max-video-preview:-1"},"canonical":"https:\/\/kktenis.pl\/tenis-club\/rezerwacja\/","og_locale":"pl_PL","og_type":"article","og_title":"Hotel Tenis Club Rezerwacja Online - Kompleks Sportowo-Rekreacyjny","og_description":"Rezerwacja - gwarancja najlepszej ceny i pe\u0142na elastyczno\u015b\u0107 przy rezerwacji Twojego pokoju w Hotelu Tenis Club.","og_url":"https:\/\/kktenis.pl\/tenis-club\/rezerwacja\/","og_site_name":"Kompleks Sportowo-Rekreacyjny","article_modified_time":"2024-01-19T08:13:09+00:00","og_image":[{"url":"https:\/\/kktenis.pl\/tenis-club\/wp-content\/uploads\/2024\/01\/maestro.png","type":"","width":"","height":""}],"twitter_card":"summary_large_image","twitter_misc":{"Szacowany czas czytania":"2 minuty"},"schema":{"@context":"https:\/\/schema.org","@graph":[{"@type":"WebPage","@id":"https:\/\/kktenis.pl\/tenis-club\/rezerwacja\/","url":"https:\/\/kktenis.pl\/tenis-club\/rezerwacja\/","name":"Hotel Tenis Club Rezerwacja Online - Kompleks Sportowo-Rekreacyjny","isPartOf":{"@id":"https:\/\/kktenis.pl\/tenis-club\/#website"},"primaryImageOfPage":{"@id":"https:\/\/kktenis.pl\/tenis-club\/rezerwacja\/#primaryimage"},"image":{"@id":"https:\/\/kktenis.pl\/tenis-club\/rezerwacja\/#primaryimage"},"thumbnailUrl":"https:\/\/kktenis.pl\/tenis-club\/wp-content\/uploads\/2024\/01\/maestro.png","datePublished":"2024-01-12T13:49:56+00:00","dateModified":"2024-01-19T08:13:09+00:00","description":"Rezerwacja - gwarancja najlepszej ceny i pe\u0142na elastyczno\u015b\u0107 przy rezerwacji Twojego pokoju w Hotelu Tenis Club.","breadcrumb":{"@id":"https:\/\/kktenis.pl\/tenis-club\/rezerwacja\/#breadcrumb"},"inLanguage":"pl-PL","potentialAction":[{"@type":"ReadAction","target":["https:\/\/kktenis.pl\/tenis-club\/rezerwacja\/"]}]},{"@type":"ImageObject","inLanguage":"pl-PL","@id":"https:\/\/kktenis.pl\/tenis-club\/rezerwacja\/#primaryimage","url":"https:\/\/kktenis.pl\/tenis-club\/wp-content\/uploads\/2024\/01\/maestro.png","contentUrl":"https:\/\/kktenis.pl\/tenis-club\/wp-content\/uploads\/2024\/01\/maestro.png","width":37,"height":23},{"@type":"BreadcrumbList","@id":"https:\/\/kktenis.pl\/tenis-club\/rezerwacja\/#breadcrumb","itemListElement":[{"@type":"ListItem","position":1,"name":"Strona g\u0142\u00f3wna","item":"https:\/\/kktenis.pl\/tenis-club\/"},{"@type":"ListItem","position":2,"name":"Rezerwacja"}]},{"@type":"WebSite","@id":"https:\/\/kktenis.pl\/tenis-club\/#website","url":"https:\/\/kktenis.pl\/tenis-club\/","name":"Kompleks Sportowo-Rekreacyjny","description":"K\u0119dzierzyn-Ko\u017ale","publisher":{"@id":"https:\/\/kktenis.pl\/tenis-club\/#organization"},"potentialAction":[{"@type":"SearchAction","target":{"@type":"EntryPoint","urlTemplate":"https:\/\/kktenis.pl\/tenis-club\/?s={search_term_string}"},"query-input":{"@type":"PropertyValueSpecification","valueRequired":true,"valueName":"search_term_string"}}],"inLanguage":"pl-PL"},{"@type":"Organization","@id":"https:\/\/kktenis.pl\/tenis-club\/#organization","name":"Kompleks Sportowo-Rekreacyjny","url":"https:\/\/kktenis.pl\/tenis-club\/","logo":{"@type":"ImageObject","inLanguage":"pl-PL","@id":"https:\/\/kktenis.pl\/tenis-club\/#\/schema\/logo\/image\/","url":"https:\/\/kktenis.pl\/tenis-club\/wp-content\/uploads\/2020\/04\/logo-3.png","contentUrl":"https:\/\/kktenis.pl\/tenis-club\/wp-content\/uploads\/2020\/04\/logo-3.png","width":183,"height":79,"caption":"Kompleks Sportowo-Rekreacyjny"},"image":{"@id":"https:\/\/kktenis.pl\/tenis-club\/#\/schema\/logo\/image\/"}}]}},"_links":{"self":[{"href":"https:\/\/kktenis.pl\/tenis-club\/wp-json\/wp\/v2\/pages\/233","targetHints":{"allow":["GET"]}}],"collection":[{"href":"https:\/\/kktenis.pl\/tenis-club\/wp-json\/wp\/v2\/pages"}],"about":[{"href":"https:\/\/kktenis.pl\/tenis-club\/wp-json\/wp\/v2\/types\/page"}],"author":[{"embeddable":true,"href":"https:\/\/kktenis.pl\/tenis-club\/wp-json\/wp\/v2\/users\/1"}],"replies":[{"embeddable":true,"href":"https:\/\/kktenis.pl\/tenis-club\/wp-json\/wp\/v2\/comments?post=233"}],"version-history":[{"count":22,"href":"https:\/\/kktenis.pl\/tenis-club\/wp-json\/wp\/v2\/pages\/233\/revisions"}],"predecessor-version":[{"id":492,"href":"https:\/\/kktenis.pl\/tenis-club\/wp-json\/wp\/v2\/pages\/233\/revisions\/492"}],"wp:attachment":[{"href":"https:\/\/kktenis.pl\/tenis-club\/wp-json\/wp\/v2\/media?parent=233"}],"curies":[{"name":"wp","href":"https:\/\/api.w.org\/{rel}","templated":true}]}}