{"id":231,"date":"2024-01-12T14:49:47","date_gmt":"2024-01-12T13:49:47","guid":{"rendered":"https:\/\/kktenis.pl\/tenis-club\/?page_id=231"},"modified":"2024-01-19T09:11:26","modified_gmt":"2024-01-19T08:11:26","slug":"wycieczka-po-kompleksie","status":"publish","type":"page","link":"https:\/\/kktenis.pl\/tenis-club\/wycieczka-po-kompleksie\/","title":{"rendered":"Wycieczka po kompleksie"},"content":{"rendered":"\t\t<div data-elementor-type=\"wp-page\" data-elementor-id=\"231\" class=\"elementor elementor-231\" data-elementor-post-type=\"page\">\n\t\t\t\t<div class=\"elementor-element elementor-element-e72f7e0 e-flex e-con-boxed e-con e-parent\" data-id=\"e72f7e0\" data-element_type=\"container\">\n\t\t\t\t\t<div class=\"e-con-inner\">\n\t\t\t\t<div class=\"elementor-element elementor-element-3a9bd22 elementor-widget elementor-widget-html\" data-id=\"3a9bd22\" data-element_type=\"widget\" data-widget_type=\"html.default\">\n\t\t\t\t<div class=\"elementor-widget-container\">\n\t\t\t\t\t<iframe src=\"..\/ww\/index.html\" width=940px height=\"620px\"><\/iframe>\t\t\t\t<\/div>\n\t\t\t\t<\/div>\n\t\t\t\t\t<\/div>\n\t\t\t\t<\/div>\n\t\t\t\t<\/div>\n\t\t","protected":false},"excerpt":{"rendered":"","protected":false},"author":1,"featured_media":0,"parent":0,"menu_order":0,"comment_status":"closed","ping_status":"closed","template":"elementor_header_footer","meta":{"footnotes":""},"class_list":["post-231","page","type-page","status-publish","hentry"],"yoast_head":"<!-- This site is optimized with the Yoast SEO plugin v26.1.1 - https:\/\/yoast.com\/wordpress\/plugins\/seo\/ -->\n<title>Wycieczka po kompleksie Tenis Club - Kompleks Sportowo-Rekreacyjny<\/title>\n<meta name=\"description\" content=\"Zapraszamy na interaktywn\u0105 wirtualn\u0105 wycieczk\u0119 po kompleksie Tenis Club w K\u0119dzierzynie-Ko\u017alu. Odkryj nasze luksusowe pokoje i korty tenisowe.\" \/>\n<meta name=\"robots\" content=\"index, follow, max-snippet:-1, max-image-preview:large, max-video-preview:-1\" \/>\n<link rel=\"canonical\" href=\"https:\/\/kktenis.pl\/tenis-club\/wycieczka-po-kompleksie\/\" \/>\n<meta property=\"og:locale\" content=\"pl_PL\" \/>\n<meta property=\"og:type\" content=\"article\" \/>\n<meta property=\"og:title\" content=\"Wycieczka po kompleksie Tenis Club - Kompleks Sportowo-Rekreacyjny\" \/>\n<meta property=\"og:description\" content=\"Zapraszamy na interaktywn\u0105 wirtualn\u0105 wycieczk\u0119 po kompleksie Tenis Club w K\u0119dzierzynie-Ko\u017alu. Odkryj nasze luksusowe pokoje i korty tenisowe.\" \/>\n<meta property=\"og:url\" content=\"https:\/\/kktenis.pl\/tenis-club\/wycieczka-po-kompleksie\/\" \/>\n<meta property=\"og:site_name\" content=\"Kompleks Sportowo-Rekreacyjny\" \/>\n<meta property=\"article:modified_time\" content=\"2024-01-19T08:11:26+00:00\" \/>\n<meta name=\"twitter:card\" content=\"summary_large_image\" \/>\n<script type=\"application\/ld+json\" class=\"yoast-schema-graph\">{\"@context\":\"https:\/\/schema.org\",\"@graph\":[{\"@type\":\"WebPage\",\"@id\":\"https:\/\/kktenis.pl\/tenis-club\/wycieczka-po-kompleksie\/\",\"url\":\"https:\/\/kktenis.pl\/tenis-club\/wycieczka-po-kompleksie\/\",\"name\":\"Wycieczka po kompleksie Tenis Club - Kompleks Sportowo-Rekreacyjny\",\"isPartOf\":{\"@id\":\"https:\/\/kktenis.pl\/tenis-club\/#website\"},\"datePublished\":\"2024-01-12T13:49:47+00:00\",\"dateModified\":\"2024-01-19T08:11:26+00:00\",\"description\":\"Zapraszamy na interaktywn\u0105 wirtualn\u0105 wycieczk\u0119 po kompleksie Tenis Club w K\u0119dzierzynie-Ko\u017alu. Odkryj nasze luksusowe pokoje i korty tenisowe.\",\"breadcrumb\":{\"@id\":\"https:\/\/kktenis.pl\/tenis-club\/wycieczka-po-kompleksie\/#breadcrumb\"},\"inLanguage\":\"pl-PL\",\"potentialAction\":[{\"@type\":\"ReadAction\",\"target\":[\"https:\/\/kktenis.pl\/tenis-club\/wycieczka-po-kompleksie\/\"]}]},{\"@type\":\"BreadcrumbList\",\"@id\":\"https:\/\/kktenis.pl\/tenis-club\/wycieczka-po-kompleksie\/#breadcrumb\",\"itemListElement\":[{\"@type\":\"ListItem\",\"position\":1,\"name\":\"Strona g\u0142\u00f3wna\",\"item\":\"https:\/\/kktenis.pl\/tenis-club\/\"},{\"@type\":\"ListItem\",\"position\":2,\"name\":\"Wycieczka po kompleksie\"}]},{\"@type\":\"WebSite\",\"@id\":\"https:\/\/kktenis.pl\/tenis-club\/#website\",\"url\":\"https:\/\/kktenis.pl\/tenis-club\/\",\"name\":\"Kompleks Sportowo-Rekreacyjny\",\"description\":\"K\u0119dzierzyn-Ko\u017ale\",\"publisher\":{\"@id\":\"https:\/\/kktenis.pl\/tenis-club\/#organization\"},\"potentialAction\":[{\"@type\":\"SearchAction\",\"target\":{\"@type\":\"EntryPoint\",\"urlTemplate\":\"https:\/\/kktenis.pl\/tenis-club\/?s={search_term_string}\"},\"query-input\":{\"@type\":\"PropertyValueSpecification\",\"valueRequired\":true,\"valueName\":\"search_term_string\"}}],\"inLanguage\":\"pl-PL\"},{\"@type\":\"Organization\",\"@id\":\"https:\/\/kktenis.pl\/tenis-club\/#organization\",\"name\":\"Kompleks Sportowo-Rekreacyjny\",\"url\":\"https:\/\/kktenis.pl\/tenis-club\/\",\"logo\":{\"@type\":\"ImageObject\",\"inLanguage\":\"pl-PL\",\"@id\":\"https:\/\/kktenis.pl\/tenis-club\/#\/schema\/logo\/image\/\",\"url\":\"https:\/\/kktenis.pl\/tenis-club\/wp-content\/uploads\/2020\/04\/logo-3.png\",\"contentUrl\":\"https:\/\/kktenis.pl\/tenis-club\/wp-content\/uploads\/2020\/04\/logo-3.png\",\"width\":183,\"height\":79,\"caption\":\"Kompleks Sportowo-Rekreacyjny\"},\"image\":{\"@id\":\"https:\/\/kktenis.pl\/tenis-club\/#\/schema\/logo\/image\/\"}}]}<\/script>\n<!-- \/ Yoast SEO plugin. -->","yoast_head_json":{"title":"Wycieczka po kompleksie Tenis Club - Kompleks Sportowo-Rekreacyjny","description":"Zapraszamy na interaktywn\u0105 wirtualn\u0105 wycieczk\u0119 po kompleksie Tenis Club w K\u0119dzierzynie-Ko\u017alu. Odkryj nasze luksusowe pokoje i korty tenisowe.","robots":{"index":"index","follow":"follow","max-snippet":"max-snippet:-1","max-image-preview":"max-image-preview:large","max-video-preview":"max-video-preview:-1"},"canonical":"https:\/\/kktenis.pl\/tenis-club\/wycieczka-po-kompleksie\/","og_locale":"pl_PL","og_type":"article","og_title":"Wycieczka po kompleksie Tenis Club - Kompleks Sportowo-Rekreacyjny","og_description":"Zapraszamy na interaktywn\u0105 wirtualn\u0105 wycieczk\u0119 po kompleksie Tenis Club w K\u0119dzierzynie-Ko\u017alu. Odkryj nasze luksusowe pokoje i korty tenisowe.","og_url":"https:\/\/kktenis.pl\/tenis-club\/wycieczka-po-kompleksie\/","og_site_name":"Kompleks Sportowo-Rekreacyjny","article_modified_time":"2024-01-19T08:11:26+00:00","twitter_card":"summary_large_image","schema":{"@context":"https:\/\/schema.org","@graph":[{"@type":"WebPage","@id":"https:\/\/kktenis.pl\/tenis-club\/wycieczka-po-kompleksie\/","url":"https:\/\/kktenis.pl\/tenis-club\/wycieczka-po-kompleksie\/","name":"Wycieczka po kompleksie Tenis Club - Kompleks Sportowo-Rekreacyjny","isPartOf":{"@id":"https:\/\/kktenis.pl\/tenis-club\/#website"},"datePublished":"2024-01-12T13:49:47+00:00","dateModified":"2024-01-19T08:11:26+00:00","description":"Zapraszamy na interaktywn\u0105 wirtualn\u0105 wycieczk\u0119 po kompleksie Tenis Club w K\u0119dzierzynie-Ko\u017alu. Odkryj nasze luksusowe pokoje i korty tenisowe.","breadcrumb":{"@id":"https:\/\/kktenis.pl\/tenis-club\/wycieczka-po-kompleksie\/#breadcrumb"},"inLanguage":"pl-PL","potentialAction":[{"@type":"ReadAction","target":["https:\/\/kktenis.pl\/tenis-club\/wycieczka-po-kompleksie\/"]}]},{"@type":"BreadcrumbList","@id":"https:\/\/kktenis.pl\/tenis-club\/wycieczka-po-kompleksie\/#breadcrumb","itemListElement":[{"@type":"ListItem","position":1,"name":"Strona g\u0142\u00f3wna","item":"https:\/\/kktenis.pl\/tenis-club\/"},{"@type":"ListItem","position":2,"name":"Wycieczka po kompleksie"}]},{"@type":"WebSite","@id":"https:\/\/kktenis.pl\/tenis-club\/#website","url":"https:\/\/kktenis.pl\/tenis-club\/","name":"Kompleks Sportowo-Rekreacyjny","description":"K\u0119dzierzyn-Ko\u017ale","publisher":{"@id":"https:\/\/kktenis.pl\/tenis-club\/#organization"},"potentialAction":[{"@type":"SearchAction","target":{"@type":"EntryPoint","urlTemplate":"https:\/\/kktenis.pl\/tenis-club\/?s={search_term_string}"},"query-input":{"@type":"PropertyValueSpecification","valueRequired":true,"valueName":"search_term_string"}}],"inLanguage":"pl-PL"},{"@type":"Organization","@id":"https:\/\/kktenis.pl\/tenis-club\/#organization","name":"Kompleks Sportowo-Rekreacyjny","url":"https:\/\/kktenis.pl\/tenis-club\/","logo":{"@type":"ImageObject","inLanguage":"pl-PL","@id":"https:\/\/kktenis.pl\/tenis-club\/#\/schema\/logo\/image\/","url":"https:\/\/kktenis.pl\/tenis-club\/wp-content\/uploads\/2020\/04\/logo-3.png","contentUrl":"https:\/\/kktenis.pl\/tenis-club\/wp-content\/uploads\/2020\/04\/logo-3.png","width":183,"height":79,"caption":"Kompleks Sportowo-Rekreacyjny"},"image":{"@id":"https:\/\/kktenis.pl\/tenis-club\/#\/schema\/logo\/image\/"}}]}},"_links":{"self":[{"href":"https:\/\/kktenis.pl\/tenis-club\/wp-json\/wp\/v2\/pages\/231","targetHints":{"allow":["GET"]}}],"collection":[{"href":"https:\/\/kktenis.pl\/tenis-club\/wp-json\/wp\/v2\/pages"}],"about":[{"href":"https:\/\/kktenis.pl\/tenis-club\/wp-json\/wp\/v2\/types\/page"}],"author":[{"embeddable":true,"href":"https:\/\/kktenis.pl\/tenis-club\/wp-json\/wp\/v2\/users\/1"}],"replies":[{"embeddable":true,"href":"https:\/\/kktenis.pl\/tenis-club\/wp-json\/wp\/v2\/comments?post=231"}],"version-history":[{"count":11,"href":"https:\/\/kktenis.pl\/tenis-club\/wp-json\/wp\/v2\/pages\/231\/revisions"}],"predecessor-version":[{"id":439,"href":"https:\/\/kktenis.pl\/tenis-club\/wp-json\/wp\/v2\/pages\/231\/revisions\/439"}],"wp:attachment":[{"href":"https:\/\/kktenis.pl\/tenis-club\/wp-json\/wp\/v2\/media?parent=231"}],"curies":[{"name":"wp","href":"https:\/\/api.w.org\/{rel}","templated":true}]}}