{"id":229,"date":"2024-01-12T14:49:04","date_gmt":"2024-01-12T13:49:04","guid":{"rendered":"https:\/\/kktenis.pl\/tenis-club\/?page_id=229"},"modified":"2024-01-19T09:30:43","modified_gmt":"2024-01-19T08:30:43","slug":"galeria","status":"publish","type":"page","link":"https:\/\/kktenis.pl\/tenis-club\/galeria\/","title":{"rendered":"Galeria"},"content":{"rendered":"\t\t<div data-elementor-type=\"wp-page\" data-elementor-id=\"229\" class=\"elementor elementor-229\" data-elementor-post-type=\"page\">\n\t\t\t\t<div class=\"elementor-element elementor-element-f5ebba4 e-con-full e-flex e-con e-parent\" data-id=\"f5ebba4\" data-element_type=\"container\" data-settings=\"{&quot;background_background&quot;:&quot;classic&quot;}\">\n\t\t\t\t<div class=\"elementor-element elementor-element-10a772d elementor-widget elementor-widget-heading\" data-id=\"10a772d\" data-element_type=\"widget\" data-widget_type=\"heading.default\">\n\t\t\t\t<div class=\"elementor-widget-container\">\n\t\t\t\t\t<h1 class=\"elementor-heading-title elementor-size-default\">Galeria<\/h1>\t\t\t\t<\/div>\n\t\t\t\t<\/div>\n\t\t\t\t<\/div>\n\t\t<div class=\"elementor-element elementor-element-712c34a e-flex e-con-boxed e-con e-parent\" data-id=\"712c34a\" data-element_type=\"container\">\n\t\t\t\t\t<div class=\"e-con-inner\">\n\t\t\t\t<div class=\"elementor-element elementor-element-fdc4bbf elementor-widget__width-initial animated-slow elementor-invisible elementor-widget elementor-widget-ucaddon_side_border_heading\" data-id=\"fdc4bbf\" data-element_type=\"widget\" data-settings=\"{&quot;_animation&quot;:&quot;fadeIn&quot;}\" data-widget_type=\"ucaddon_side_border_heading.default\">\n\t\t\t\t<div class=\"elementor-widget-container\">\n\t\t\t\t\t<!-- start Side Line Heading -->\n\t\t\t<style type=\"text\/css\">\/* widget: Side Line Heading *\/\n\n#uc_side_border_heading_elementor_fdc4bbf\n{\n  display:flex;\n}\n\n#uc_side_border_heading_elementor_fdc4bbf .side_border_heading_title\n{\n  color:black;\n}\n\n#uc_side_border_heading_elementor_fdc4bbf .side_border_heading_subtitle\n{\n  line-height:1.5em;\n  color:gray;\n}\n#uc_side_border_heading_elementor_fdc4bbf .side_border_heading_line_holder{\nflex-shrink: 0;\n}\n\n#uc_side_border_heading_elementor_fdc4bbf .side_border_heading_line_spacer{\nflex-shrink: 0;\n}\n\n<\/style>\n\n\t\t\t<div id=\"uc_side_border_heading_elementor_fdc4bbf\">\n  <div class=\"side_border_heading_line_holder\"><div class=\"side_border_heading_line\" style=\"background-color:#AA8453;\"><\/div><\/div>\n  <div class=\"side_border_heading_line_spacer\"><\/div>\n  <div>\n    <div class=\"side_border_heading_title\"><span  class=\"uc_style_side_border_heading_elementor_title\" style=\"color:#AA8453;\"><h2>Pokoje<\/h2><\/span><\/div>\n    <div class=\"side_border_heading_subtitle\"><\/div>\n  <\/div>\n<\/div>\n\t\t\t<!-- end Side Line Heading -->\t\t\t\t<\/div>\n\t\t\t\t<\/div>\n\t\t\t\t<div class=\"elementor-element elementor-element-17e85c6 animated-slow elementor-invisible elementor-widget elementor-widget-ucaddon_uc_tiles_columns_image\" data-id=\"17e85c6\" data-element_type=\"widget\" data-settings=\"{&quot;_animation&quot;:&quot;fadeIn&quot;}\" data-widget_type=\"ucaddon_uc_tiles_columns_image.default\">\n\t\t\t\t<div class=\"elementor-widget-container\">\n\t\t\t\t\t<!-- start Masonry Gallery -->\n\t\t<link id='unitegallery-css' href='https:\/\/kktenis.pl\/tenis-club\/wp-content\/plugins\/unlimited-elements-for-elementor-premium\/assets_libraries\/unitegallery\/css\/unite-gallery.css' type='text\/css' rel='stylesheet' >\n\t\t<link id='uc_ac_assets_file_uc_columns_unite_gallery_css_37416-css' href='https:\/\/kktenis.pl\/tenis-club\/wp-content\/uploads\/ac_assets\/uc_tiles_columns_image\/uc-columns-unite-gallery.css' type='text\/css' rel='stylesheet' >\n\n\n\t\t\t<div id=\"uc_uc_tiles_columns_image_elementor_17e85c6\" style=\"display:none;\" class=\"uc-items-wrapper\" data-custom-sethtml=\"true\" >\n\n\n<img decoding=\"async\" alt=\"\"\n   src=\"https:\/\/kktenis.pl\/tenis-club\/wp-content\/uploads\/2024\/01\/410122562.jpg\"\n    data-image=\"https:\/\/kktenis.pl\/tenis-club\/wp-content\/uploads\/2024\/01\/410122562.jpg\">\n\n<img decoding=\"async\" alt=\"\"\n   src=\"https:\/\/kktenis.pl\/tenis-club\/wp-content\/uploads\/2024\/01\/kompleks_sportowo_-_rekreacyjny_20150222_1747043798-1-768x510.jpg\"\n    data-image=\"https:\/\/kktenis.pl\/tenis-club\/wp-content\/uploads\/2024\/01\/kompleks_sportowo_-_rekreacyjny_20150222_1747043798-1.jpg\">\n\n<img decoding=\"async\" alt=\"\"\n   src=\"https:\/\/kktenis.pl\/tenis-club\/wp-content\/uploads\/2024\/01\/pokoje_i_restauracja_10_20160617_1929434915-1-1-768x421.jpg\"\n    data-image=\"https:\/\/kktenis.pl\/tenis-club\/wp-content\/uploads\/2024\/01\/pokoje_i_restauracja_10_20160617_1929434915-1-1.jpg\">\n\n<img decoding=\"async\" alt=\"\"\n   src=\"https:\/\/kktenis.pl\/tenis-club\/wp-content\/uploads\/2024\/01\/pokoje_i_restauracja_8_20160617_1126295018-1-768x421.jpg\"\n    data-image=\"https:\/\/kktenis.pl\/tenis-club\/wp-content\/uploads\/2024\/01\/pokoje_i_restauracja_8_20160617_1126295018-1.jpg\">\n\n<img decoding=\"async\" alt=\"\"\n   src=\"https:\/\/kktenis.pl\/tenis-club\/wp-content\/uploads\/2024\/01\/kompleks_sportowo_-_rekreacyjny_20150222_1022564090-768x510.jpg\"\n    data-image=\"https:\/\/kktenis.pl\/tenis-club\/wp-content\/uploads\/2024\/01\/kompleks_sportowo_-_rekreacyjny_20150222_1022564090.jpg\">\n\n<img decoding=\"async\" alt=\"\"\n   src=\"https:\/\/kktenis.pl\/tenis-club\/wp-content\/uploads\/2024\/01\/azienka_1_20160617_1524029745-1-768x421.jpg\"\n    data-image=\"https:\/\/kktenis.pl\/tenis-club\/wp-content\/uploads\/2024\/01\/azienka_1_20160617_1524029745-1.jpg\">\n\n<img decoding=\"async\" alt=\"\"\n   src=\"https:\/\/kktenis.pl\/tenis-club\/wp-content\/uploads\/2024\/01\/kompleks_sportowo_-_rekreacyjny_20150222_1696736614-1-1-768x510.jpg\"\n    data-image=\"https:\/\/kktenis.pl\/tenis-club\/wp-content\/uploads\/2024\/01\/kompleks_sportowo_-_rekreacyjny_20150222_1696736614-1-1.jpg\">\n\n<img decoding=\"async\" alt=\"\"\n   src=\"https:\/\/kktenis.pl\/tenis-club\/wp-content\/uploads\/2024\/01\/pokoje_i_restauracja_5_20160617_1174632176-1-768x421.jpg\"\n    data-image=\"https:\/\/kktenis.pl\/tenis-club\/wp-content\/uploads\/2024\/01\/pokoje_i_restauracja_5_20160617_1174632176-1.jpg\">\n\n<img decoding=\"async\" alt=\"\"\n   src=\"https:\/\/kktenis.pl\/tenis-club\/wp-content\/uploads\/2024\/01\/51393671-768x512.jpg\"\n    data-image=\"https:\/\/kktenis.pl\/tenis-club\/wp-content\/uploads\/2024\/01\/51393671.jpg\">\n\n<img decoding=\"async\" alt=\"\"\n   src=\"https:\/\/kktenis.pl\/tenis-club\/wp-content\/uploads\/2024\/01\/410121603-768x576.jpg\"\n    data-image=\"https:\/\/kktenis.pl\/tenis-club\/wp-content\/uploads\/2024\/01\/410121603-1024x768.jpg\">\n\n<img decoding=\"async\" alt=\"\"\n   src=\"https:\/\/kktenis.pl\/tenis-club\/wp-content\/uploads\/2024\/01\/410121798-768x632.jpg\"\n    data-image=\"https:\/\/kktenis.pl\/tenis-club\/wp-content\/uploads\/2024\/01\/410121798-1024x843.jpg\">\n\n<img decoding=\"async\" alt=\"\"\n   src=\"https:\/\/kktenis.pl\/tenis-club\/wp-content\/uploads\/2024\/01\/410122327.jpg\"\n    data-image=\"https:\/\/kktenis.pl\/tenis-club\/wp-content\/uploads\/2024\/01\/410122327.jpg\">\n\n<img decoding=\"async\" alt=\"\"\n   src=\"https:\/\/kktenis.pl\/tenis-club\/wp-content\/uploads\/2024\/01\/410122416.jpg\"\n    data-image=\"https:\/\/kktenis.pl\/tenis-club\/wp-content\/uploads\/2024\/01\/410122416.jpg\">\n\n  \n<\/div>\n\t\t\t<!-- end Masonry Gallery -->\t\t\t\t<\/div>\n\t\t\t\t<\/div>\n\t\t\t\t<div class=\"elementor-element elementor-element-a84a129 elementor-widget__width-initial animated-slow elementor-invisible elementor-widget elementor-widget-ucaddon_side_border_heading\" data-id=\"a84a129\" data-element_type=\"widget\" data-settings=\"{&quot;_animation&quot;:&quot;fadeIn&quot;}\" data-widget_type=\"ucaddon_side_border_heading.default\">\n\t\t\t\t<div class=\"elementor-widget-container\">\n\t\t\t\t\t<!-- start Side Line Heading -->\n\t\t\t<style type=\"text\/css\">\/* widget: Side Line Heading *\/\n\n#uc_side_border_heading_elementor_a84a129\n{\n  display:flex;\n}\n\n#uc_side_border_heading_elementor_a84a129 .side_border_heading_title\n{\n  color:black;\n}\n\n#uc_side_border_heading_elementor_a84a129 .side_border_heading_subtitle\n{\n  line-height:1.5em;\n  color:gray;\n}\n#uc_side_border_heading_elementor_a84a129 .side_border_heading_line_holder{\nflex-shrink: 0;\n}\n\n#uc_side_border_heading_elementor_a84a129 .side_border_heading_line_spacer{\nflex-shrink: 0;\n}\n\n<\/style>\n\n\t\t\t<div id=\"uc_side_border_heading_elementor_a84a129\">\n  <div class=\"side_border_heading_line_holder\"><div class=\"side_border_heading_line\" style=\"background-color:#AA8453;\"><\/div><\/div>\n  <div class=\"side_border_heading_line_spacer\"><\/div>\n  <div>\n    <div class=\"side_border_heading_title\"><span  class=\"uc_style_side_border_heading_elementor_title\" style=\"color:#AA8453;\"><h2>Restauracja<\/h2><\/span><\/div>\n    <div class=\"side_border_heading_subtitle\"><\/div>\n  <\/div>\n<\/div>\n\t\t\t<!-- end Side Line Heading -->\t\t\t\t<\/div>\n\t\t\t\t<\/div>\n\t\t\t\t<div class=\"elementor-element elementor-element-3362c5b animated-slow elementor-invisible elementor-widget elementor-widget-ucaddon_uc_tiles_columns_image\" data-id=\"3362c5b\" data-element_type=\"widget\" data-settings=\"{&quot;_animation&quot;:&quot;fadeIn&quot;}\" data-widget_type=\"ucaddon_uc_tiles_columns_image.default\">\n\t\t\t\t<div class=\"elementor-widget-container\">\n\t\t\t\t\t<!-- start Masonry Gallery -->\n\n\n\t\t\t<div id=\"uc_uc_tiles_columns_image_elementor_3362c5b\" style=\"display:none;\" class=\"uc-items-wrapper\" data-custom-sethtml=\"true\" >\n\n\n<img decoding=\"async\" alt=\"\"\n   src=\"https:\/\/kktenis.pl\/tenis-club\/wp-content\/uploads\/2024\/01\/410121491-768x499.jpg\"\n    data-image=\"https:\/\/kktenis.pl\/tenis-club\/wp-content\/uploads\/2024\/01\/410121491-1024x665.jpg\">\n\n<img decoding=\"async\" alt=\"\"\n   src=\"https:\/\/kktenis.pl\/tenis-club\/wp-content\/uploads\/2024\/01\/410120475-768x539.jpg\"\n    data-image=\"https:\/\/kktenis.pl\/tenis-club\/wp-content\/uploads\/2024\/01\/410120475-1024x718.jpg\">\n\n<img decoding=\"async\" alt=\"\"\n   src=\"https:\/\/kktenis.pl\/tenis-club\/wp-content\/uploads\/2024\/01\/kompleks_sportowo_-_rekreacyjny_20150222_1181231061-768x510.jpg\"\n    data-image=\"https:\/\/kktenis.pl\/tenis-club\/wp-content\/uploads\/2024\/01\/kompleks_sportowo_-_rekreacyjny_20150222_1181231061.jpg\">\n\n<img decoding=\"async\" alt=\"\"\n   src=\"https:\/\/kktenis.pl\/tenis-club\/wp-content\/uploads\/2024\/01\/pokoje_i_restauracja_6_20160617_2021963723-768x421.jpg\"\n    data-image=\"https:\/\/kktenis.pl\/tenis-club\/wp-content\/uploads\/2024\/01\/pokoje_i_restauracja_6_20160617_2021963723.jpg\">\n\n<img decoding=\"async\" alt=\"\"\n   src=\"https:\/\/kktenis.pl\/tenis-club\/wp-content\/uploads\/2024\/01\/pokoje_i_restauracja_9_20160617_1623926016-1.jpg\"\n    data-image=\"https:\/\/kktenis.pl\/tenis-club\/wp-content\/uploads\/2024\/01\/pokoje_i_restauracja_9_20160617_1623926016-1.jpg\">\n\n<img decoding=\"async\" alt=\"\"\n   src=\"https:\/\/kktenis.pl\/tenis-club\/wp-content\/uploads\/2024\/01\/pokoje_i_restauracja_4_20160617_1205939204-768x421.jpg\"\n    data-image=\"https:\/\/kktenis.pl\/tenis-club\/wp-content\/uploads\/2024\/01\/pokoje_i_restauracja_4_20160617_1205939204.jpg\">\n\n<img decoding=\"async\" alt=\"\"\n   src=\"https:\/\/kktenis.pl\/tenis-club\/wp-content\/uploads\/2024\/01\/kompleks_sportowo_-_rekreacyjny_20150222_1360812052-768x576.jpg\"\n    data-image=\"https:\/\/kktenis.pl\/tenis-club\/wp-content\/uploads\/2024\/01\/kompleks_sportowo_-_rekreacyjny_20150222_1360812052.jpg\">\n\n<img decoding=\"async\" alt=\"\"\n   src=\"https:\/\/kktenis.pl\/tenis-club\/wp-content\/uploads\/2024\/01\/ogrod_1_20160621_1702283525-768x512.jpg\"\n    data-image=\"https:\/\/kktenis.pl\/tenis-club\/wp-content\/uploads\/2024\/01\/ogrod_1_20160621_1702283525-1024x683.jpg\">\n\n<img decoding=\"async\" alt=\"\"\n   src=\"https:\/\/kktenis.pl\/tenis-club\/wp-content\/uploads\/2024\/01\/ogrod_2_20160621_1405602205-768x512.jpg\"\n    data-image=\"https:\/\/kktenis.pl\/tenis-club\/wp-content\/uploads\/2024\/01\/ogrod_2_20160621_1405602205-1024x683.jpg\">\n\n<img decoding=\"async\" alt=\"\"\n   src=\"https:\/\/kktenis.pl\/tenis-club\/wp-content\/uploads\/2024\/01\/410124583.jpg\"\n    data-image=\"https:\/\/kktenis.pl\/tenis-club\/wp-content\/uploads\/2024\/01\/410124583.jpg\">\n\n<img decoding=\"async\" alt=\"\"\n   src=\"https:\/\/kktenis.pl\/tenis-club\/wp-content\/uploads\/2024\/01\/pokoje_i_restauracja_1_20160617_1854341205-768x421.jpg\"\n    data-image=\"https:\/\/kktenis.pl\/tenis-club\/wp-content\/uploads\/2024\/01\/pokoje_i_restauracja_1_20160617_1854341205.jpg\">\n\n<img decoding=\"async\" alt=\"\"\n   src=\"https:\/\/kktenis.pl\/tenis-club\/wp-content\/uploads\/2024\/01\/pokoje_i_restauracja_2_20160617_1656682751-768x421.jpg\"\n    data-image=\"https:\/\/kktenis.pl\/tenis-club\/wp-content\/uploads\/2024\/01\/pokoje_i_restauracja_2_20160617_1656682751.jpg\">\n\n<img decoding=\"async\" alt=\"\"\n   src=\"https:\/\/kktenis.pl\/tenis-club\/wp-content\/uploads\/2024\/01\/restauracja_1_20160617_1580529284-1-768x421.jpg\"\n    data-image=\"https:\/\/kktenis.pl\/tenis-club\/wp-content\/uploads\/2024\/01\/restauracja_1_20160617_1580529284-1.jpg\">\n\n<img decoding=\"async\" alt=\"\"\n   src=\"https:\/\/kktenis.pl\/tenis-club\/wp-content\/uploads\/2024\/01\/pokoje_i_restauracja_3_20160617_1434595993-768x421.jpg\"\n    data-image=\"https:\/\/kktenis.pl\/tenis-club\/wp-content\/uploads\/2024\/01\/pokoje_i_restauracja_3_20160617_1434595993.jpg\">\n\n<img decoding=\"async\" alt=\"\"\n   src=\"https:\/\/kktenis.pl\/tenis-club\/wp-content\/uploads\/2024\/01\/pokoje_i_restauracja_11_20160617_1095571195-768x421.jpg\"\n    data-image=\"https:\/\/kktenis.pl\/tenis-club\/wp-content\/uploads\/2024\/01\/pokoje_i_restauracja_11_20160617_1095571195.jpg\">\n\n<img decoding=\"async\" alt=\"\"\n   src=\"https:\/\/kktenis.pl\/tenis-club\/wp-content\/uploads\/2024\/01\/410123860-768x576.jpg\"\n    data-image=\"https:\/\/kktenis.pl\/tenis-club\/wp-content\/uploads\/2024\/01\/410123860-1024x769.jpg\">\n\n  \n<\/div>\n\t\t\t<!-- end Masonry Gallery -->\t\t\t\t<\/div>\n\t\t\t\t<\/div>\n\t\t\t\t\t<\/div>\n\t\t\t\t<\/div>\n\t\t\t\t<\/div>\n\t\t","protected":false},"excerpt":{"rendered":"<p>Galeria Pokoje Restauracja<\/p>\n","protected":false},"author":1,"featured_media":0,"parent":0,"menu_order":0,"comment_status":"closed","ping_status":"closed","template":"elementor_header_footer","meta":{"footnotes":""},"class_list":["post-229","page","type-page","status-publish","hentry"],"yoast_head":"<!-- This site is optimized with the Yoast SEO plugin v26.1.1 - https:\/\/yoast.com\/wordpress\/plugins\/seo\/ -->\n<title>Galeria - Kompleks Sportowo-Rekreacyjny<\/title>\n<meta name=\"description\" content=\"Nasza galeria zdj\u0119\u0107 przedstawia luksusowe udogodnienia, wyj\u0105tkowy design i malownicze widoki K\u0119dzierzyna-Ko\u017ala.\" \/>\n<meta name=\"robots\" content=\"index, follow, max-snippet:-1, max-image-preview:large, max-video-preview:-1\" \/>\n<link rel=\"canonical\" href=\"https:\/\/kktenis.pl\/tenis-club\/galeria\/\" \/>\n<meta property=\"og:locale\" content=\"pl_PL\" \/>\n<meta property=\"og:type\" content=\"article\" \/>\n<meta property=\"og:title\" content=\"Galeria - Kompleks Sportowo-Rekreacyjny\" \/>\n<meta property=\"og:description\" content=\"Nasza galeria zdj\u0119\u0107 przedstawia luksusowe udogodnienia, wyj\u0105tkowy design i malownicze widoki K\u0119dzierzyna-Ko\u017ala.\" \/>\n<meta property=\"og:url\" content=\"https:\/\/kktenis.pl\/tenis-club\/galeria\/\" \/>\n<meta property=\"og:site_name\" content=\"Kompleks Sportowo-Rekreacyjny\" \/>\n<meta property=\"article:modified_time\" content=\"2024-01-19T08:30:43+00:00\" \/>\n<meta property=\"og:image\" content=\"https:\/\/kktenis.pl\/tenis-club\/wp-content\/uploads\/2024\/01\/410122562.jpg\" \/>\n<meta name=\"twitter:card\" content=\"summary_large_image\" \/>\n<meta name=\"twitter:label1\" content=\"Szacowany czas czytania\" \/>\n\t<meta name=\"twitter:data1\" content=\"6 minut\" \/>\n<script type=\"application\/ld+json\" class=\"yoast-schema-graph\">{\"@context\":\"https:\/\/schema.org\",\"@graph\":[{\"@type\":\"WebPage\",\"@id\":\"https:\/\/kktenis.pl\/tenis-club\/galeria\/\",\"url\":\"https:\/\/kktenis.pl\/tenis-club\/galeria\/\",\"name\":\"Galeria - Kompleks Sportowo-Rekreacyjny\",\"isPartOf\":{\"@id\":\"https:\/\/kktenis.pl\/tenis-club\/#website\"},\"primaryImageOfPage\":{\"@id\":\"https:\/\/kktenis.pl\/tenis-club\/galeria\/#primaryimage\"},\"image\":{\"@id\":\"https:\/\/kktenis.pl\/tenis-club\/galeria\/#primaryimage\"},\"thumbnailUrl\":\"https:\/\/kktenis.pl\/tenis-club\/wp-content\/uploads\/2024\/01\/410122562.jpg\",\"datePublished\":\"2024-01-12T13:49:04+00:00\",\"dateModified\":\"2024-01-19T08:30:43+00:00\",\"description\":\"Nasza galeria zdj\u0119\u0107 przedstawia luksusowe udogodnienia, wyj\u0105tkowy design i malownicze widoki K\u0119dzierzyna-Ko\u017ala.\",\"breadcrumb\":{\"@id\":\"https:\/\/kktenis.pl\/tenis-club\/galeria\/#breadcrumb\"},\"inLanguage\":\"pl-PL\",\"potentialAction\":[{\"@type\":\"ReadAction\",\"target\":[\"https:\/\/kktenis.pl\/tenis-club\/galeria\/\"]}]},{\"@type\":\"ImageObject\",\"inLanguage\":\"pl-PL\",\"@id\":\"https:\/\/kktenis.pl\/tenis-club\/galeria\/#primaryimage\",\"url\":\"https:\/\/kktenis.pl\/tenis-club\/wp-content\/uploads\/2024\/01\/410122562.jpg\",\"contentUrl\":\"https:\/\/kktenis.pl\/tenis-club\/wp-content\/uploads\/2024\/01\/410122562.jpg\",\"width\":720,\"height\":900,\"caption\":\"pok\u00f3j\"},{\"@type\":\"BreadcrumbList\",\"@id\":\"https:\/\/kktenis.pl\/tenis-club\/galeria\/#breadcrumb\",\"itemListElement\":[{\"@type\":\"ListItem\",\"position\":1,\"name\":\"Strona g\u0142\u00f3wna\",\"item\":\"https:\/\/kktenis.pl\/tenis-club\/\"},{\"@type\":\"ListItem\",\"position\":2,\"name\":\"Galeria\"}]},{\"@type\":\"WebSite\",\"@id\":\"https:\/\/kktenis.pl\/tenis-club\/#website\",\"url\":\"https:\/\/kktenis.pl\/tenis-club\/\",\"name\":\"Kompleks Sportowo-Rekreacyjny\",\"description\":\"K\u0119dzierzyn-Ko\u017ale\",\"publisher\":{\"@id\":\"https:\/\/kktenis.pl\/tenis-club\/#organization\"},\"potentialAction\":[{\"@type\":\"SearchAction\",\"target\":{\"@type\":\"EntryPoint\",\"urlTemplate\":\"https:\/\/kktenis.pl\/tenis-club\/?s={search_term_string}\"},\"query-input\":{\"@type\":\"PropertyValueSpecification\",\"valueRequired\":true,\"valueName\":\"search_term_string\"}}],\"inLanguage\":\"pl-PL\"},{\"@type\":\"Organization\",\"@id\":\"https:\/\/kktenis.pl\/tenis-club\/#organization\",\"name\":\"Kompleks Sportowo-Rekreacyjny\",\"url\":\"https:\/\/kktenis.pl\/tenis-club\/\",\"logo\":{\"@type\":\"ImageObject\",\"inLanguage\":\"pl-PL\",\"@id\":\"https:\/\/kktenis.pl\/tenis-club\/#\/schema\/logo\/image\/\",\"url\":\"https:\/\/kktenis.pl\/tenis-club\/wp-content\/uploads\/2020\/04\/logo-3.png\",\"contentUrl\":\"https:\/\/kktenis.pl\/tenis-club\/wp-content\/uploads\/2020\/04\/logo-3.png\",\"width\":183,\"height\":79,\"caption\":\"Kompleks Sportowo-Rekreacyjny\"},\"image\":{\"@id\":\"https:\/\/kktenis.pl\/tenis-club\/#\/schema\/logo\/image\/\"}}]}<\/script>\n<!-- \/ Yoast SEO plugin. -->","yoast_head_json":{"title":"Galeria - Kompleks Sportowo-Rekreacyjny","description":"Nasza galeria zdj\u0119\u0107 przedstawia luksusowe udogodnienia, wyj\u0105tkowy design i malownicze widoki K\u0119dzierzyna-Ko\u017ala.","robots":{"index":"index","follow":"follow","max-snippet":"max-snippet:-1","max-image-preview":"max-image-preview:large","max-video-preview":"max-video-preview:-1"},"canonical":"https:\/\/kktenis.pl\/tenis-club\/galeria\/","og_locale":"pl_PL","og_type":"article","og_title":"Galeria - Kompleks Sportowo-Rekreacyjny","og_description":"Nasza galeria zdj\u0119\u0107 przedstawia luksusowe udogodnienia, wyj\u0105tkowy design i malownicze widoki K\u0119dzierzyna-Ko\u017ala.","og_url":"https:\/\/kktenis.pl\/tenis-club\/galeria\/","og_site_name":"Kompleks Sportowo-Rekreacyjny","article_modified_time":"2024-01-19T08:30:43+00:00","og_image":[{"url":"https:\/\/kktenis.pl\/tenis-club\/wp-content\/uploads\/2024\/01\/410122562.jpg","type":"","width":"","height":""}],"twitter_card":"summary_large_image","twitter_misc":{"Szacowany czas czytania":"6 minut"},"schema":{"@context":"https:\/\/schema.org","@graph":[{"@type":"WebPage","@id":"https:\/\/kktenis.pl\/tenis-club\/galeria\/","url":"https:\/\/kktenis.pl\/tenis-club\/galeria\/","name":"Galeria - Kompleks Sportowo-Rekreacyjny","isPartOf":{"@id":"https:\/\/kktenis.pl\/tenis-club\/#website"},"primaryImageOfPage":{"@id":"https:\/\/kktenis.pl\/tenis-club\/galeria\/#primaryimage"},"image":{"@id":"https:\/\/kktenis.pl\/tenis-club\/galeria\/#primaryimage"},"thumbnailUrl":"https:\/\/kktenis.pl\/tenis-club\/wp-content\/uploads\/2024\/01\/410122562.jpg","datePublished":"2024-01-12T13:49:04+00:00","dateModified":"2024-01-19T08:30:43+00:00","description":"Nasza galeria zdj\u0119\u0107 przedstawia luksusowe udogodnienia, wyj\u0105tkowy design i malownicze widoki K\u0119dzierzyna-Ko\u017ala.","breadcrumb":{"@id":"https:\/\/kktenis.pl\/tenis-club\/galeria\/#breadcrumb"},"inLanguage":"pl-PL","potentialAction":[{"@type":"ReadAction","target":["https:\/\/kktenis.pl\/tenis-club\/galeria\/"]}]},{"@type":"ImageObject","inLanguage":"pl-PL","@id":"https:\/\/kktenis.pl\/tenis-club\/galeria\/#primaryimage","url":"https:\/\/kktenis.pl\/tenis-club\/wp-content\/uploads\/2024\/01\/410122562.jpg","contentUrl":"https:\/\/kktenis.pl\/tenis-club\/wp-content\/uploads\/2024\/01\/410122562.jpg","width":720,"height":900,"caption":"pok\u00f3j"},{"@type":"BreadcrumbList","@id":"https:\/\/kktenis.pl\/tenis-club\/galeria\/#breadcrumb","itemListElement":[{"@type":"ListItem","position":1,"name":"Strona g\u0142\u00f3wna","item":"https:\/\/kktenis.pl\/tenis-club\/"},{"@type":"ListItem","position":2,"name":"Galeria"}]},{"@type":"WebSite","@id":"https:\/\/kktenis.pl\/tenis-club\/#website","url":"https:\/\/kktenis.pl\/tenis-club\/","name":"Kompleks Sportowo-Rekreacyjny","description":"K\u0119dzierzyn-Ko\u017ale","publisher":{"@id":"https:\/\/kktenis.pl\/tenis-club\/#organization"},"potentialAction":[{"@type":"SearchAction","target":{"@type":"EntryPoint","urlTemplate":"https:\/\/kktenis.pl\/tenis-club\/?s={search_term_string}"},"query-input":{"@type":"PropertyValueSpecification","valueRequired":true,"valueName":"search_term_string"}}],"inLanguage":"pl-PL"},{"@type":"Organization","@id":"https:\/\/kktenis.pl\/tenis-club\/#organization","name":"Kompleks Sportowo-Rekreacyjny","url":"https:\/\/kktenis.pl\/tenis-club\/","logo":{"@type":"ImageObject","inLanguage":"pl-PL","@id":"https:\/\/kktenis.pl\/tenis-club\/#\/schema\/logo\/image\/","url":"https:\/\/kktenis.pl\/tenis-club\/wp-content\/uploads\/2020\/04\/logo-3.png","contentUrl":"https:\/\/kktenis.pl\/tenis-club\/wp-content\/uploads\/2020\/04\/logo-3.png","width":183,"height":79,"caption":"Kompleks Sportowo-Rekreacyjny"},"image":{"@id":"https:\/\/kktenis.pl\/tenis-club\/#\/schema\/logo\/image\/"}}]}},"_links":{"self":[{"href":"https:\/\/kktenis.pl\/tenis-club\/wp-json\/wp\/v2\/pages\/229","targetHints":{"allow":["GET"]}}],"collection":[{"href":"https:\/\/kktenis.pl\/tenis-club\/wp-json\/wp\/v2\/pages"}],"about":[{"href":"https:\/\/kktenis.pl\/tenis-club\/wp-json\/wp\/v2\/types\/page"}],"author":[{"embeddable":true,"href":"https:\/\/kktenis.pl\/tenis-club\/wp-json\/wp\/v2\/users\/1"}],"replies":[{"embeddable":true,"href":"https:\/\/kktenis.pl\/tenis-club\/wp-json\/wp\/v2\/comments?post=229"}],"version-history":[{"count":40,"href":"https:\/\/kktenis.pl\/tenis-club\/wp-json\/wp\/v2\/pages\/229\/revisions"}],"predecessor-version":[{"id":507,"href":"https:\/\/kktenis.pl\/tenis-club\/wp-json\/wp\/v2\/pages\/229\/revisions\/507"}],"wp:attachment":[{"href":"https:\/\/kktenis.pl\/tenis-club\/wp-json\/wp\/v2\/media?parent=229"}],"curies":[{"name":"wp","href":"https:\/\/api.w.org\/{rel}","templated":true}]}}