{"id":223,"date":"2024-01-12T14:48:16","date_gmt":"2024-01-12T13:48:16","guid":{"rendered":"https:\/\/kktenis.pl\/tenis-club\/?page_id=223"},"modified":"2024-01-19T09:17:50","modified_gmt":"2024-01-19T08:17:50","slug":"pokoje","status":"publish","type":"page","link":"https:\/\/kktenis.pl\/tenis-club\/pokoje\/","title":{"rendered":"Pokoje"},"content":{"rendered":"\t\t<div data-elementor-type=\"wp-page\" data-elementor-id=\"223\" class=\"elementor elementor-223\" data-elementor-post-type=\"page\">\n\t\t\t\t<div class=\"elementor-element elementor-element-8970826 e-con-full e-flex e-con e-parent\" data-id=\"8970826\" data-element_type=\"container\" data-settings=\"{&quot;background_background&quot;:&quot;classic&quot;}\">\n\t\t\t\t<div class=\"elementor-element elementor-element-d494b4d elementor-widget elementor-widget-heading\" data-id=\"d494b4d\" data-element_type=\"widget\" data-widget_type=\"heading.default\">\n\t\t\t\t<div class=\"elementor-widget-container\">\n\t\t\t\t\t<h1 class=\"elementor-heading-title elementor-size-default\">Pokoje<\/h1>\t\t\t\t<\/div>\n\t\t\t\t<\/div>\n\t\t\t\t<\/div>\n\t\t<div class=\"elementor-element elementor-element-f133bd7 e-flex e-con-boxed e-con e-parent\" data-id=\"f133bd7\" data-element_type=\"container\" data-settings=\"{&quot;background_background&quot;:&quot;gradient&quot;}\">\n\t\t\t\t\t<div class=\"e-con-inner\">\n\t\t<div class=\"elementor-element elementor-element-3472a04 e-con-full animated-slow e-flex elementor-invisible e-con e-child\" data-id=\"3472a04\" data-element_type=\"container\" data-settings=\"{&quot;animation&quot;:&quot;fadeIn&quot;}\">\n\t\t\t\t<div class=\"elementor-element elementor-element-2a4d65d elementor-widget__width-initial elementor-widget elementor-widget-ucaddon_side_border_heading\" data-id=\"2a4d65d\" data-element_type=\"widget\" data-widget_type=\"ucaddon_side_border_heading.default\">\n\t\t\t\t<div class=\"elementor-widget-container\">\n\t\t\t\t\t<!-- start Side Line Heading -->\n\t\t\t<style type=\"text\/css\">\/* widget: Side Line Heading *\/\n\n#uc_side_border_heading_elementor_2a4d65d\n{\n  display:flex;\n}\n\n#uc_side_border_heading_elementor_2a4d65d .side_border_heading_title\n{\n  color:black;\n}\n\n#uc_side_border_heading_elementor_2a4d65d .side_border_heading_subtitle\n{\n  line-height:1.5em;\n  color:gray;\n}\n#uc_side_border_heading_elementor_2a4d65d .side_border_heading_line_holder{\nflex-shrink: 0;\n}\n\n#uc_side_border_heading_elementor_2a4d65d .side_border_heading_line_spacer{\nflex-shrink: 0;\n}\n\n<\/style>\n\n\t\t\t<div id=\"uc_side_border_heading_elementor_2a4d65d\">\n  <div class=\"side_border_heading_line_holder\"><div class=\"side_border_heading_line\" style=\"background-color:#AA8453;\"><\/div><\/div>\n  <div class=\"side_border_heading_line_spacer\"><\/div>\n  <div>\n    <div class=\"side_border_heading_title\"><span  class=\"uc_style_side_border_heading_elementor_title\" style=\"color:#AA8453;\">Kompleks Sportowo-Rekreacyjny<\/span><\/div>\n    <div class=\"side_border_heading_subtitle\"><\/div>\n  <\/div>\n<\/div>\n\t\t\t<!-- end Side Line Heading -->\t\t\t\t<\/div>\n\t\t\t\t<\/div>\n\t\t\t\t<div class=\"elementor-element elementor-element-8327895 elementor-widget elementor-widget-heading\" data-id=\"8327895\" data-element_type=\"widget\" data-widget_type=\"heading.default\">\n\t\t\t\t<div class=\"elementor-widget-container\">\n\t\t\t\t\t<h2 class=\"elementor-heading-title elementor-size-default\">Pokoje<\/h2>\t\t\t\t<\/div>\n\t\t\t\t<\/div>\n\t\t\t\t<div class=\"elementor-element elementor-element-896bc59 elementor-widget elementor-widget-text-editor\" data-id=\"896bc59\" data-element_type=\"widget\" data-widget_type=\"text-editor.default\">\n\t\t\t\t<div class=\"elementor-widget-container\">\n\t\t\t\t\t\t\t\t\t<div class=\"itemIntroText\">\n<p><strong>Kompleks Tenis Club oferuje go\u015bciom szeroki wyb\u00f3r komfortowych pokoi<\/strong>, ka\u017cdy z \u0142azienk\u0105 wyposa\u017con\u0105 w prysznic i <strong>bezp\u0142atny zestaw kosmetyk\u00f3w<\/strong>. Dla smakoszy, nasza <strong>restauracja z kominkiem serwuje wykwintne dania kuchni polskiej i mi\u0119dzynarodowej<\/strong>, tworz\u0105c idealne warunki do relaksu i delektowania si\u0119 wyj\u0105tkowymi smakami.<\/p>\n<p>Dla mi\u0142o\u015bnik\u00f3w sportu dost\u0119pne s\u0105 <strong>2 korty tenisowe<\/strong>, idealne do gry lub doskonalenia umiej\u0119tno\u015bci. Go\u015bcie mog\u0105 r\u00f3wnie\u017c wypocz\u0105\u0107 w naszym <strong>zielonym ogrodzie<\/strong>, kt\u00f3ry stanowi idealne miejsce na odpr\u0119\u017cenie w otoczeniu natury. Dodatkowo, kompleks zapewnia <strong>bezp\u0142atny prywatny parking<\/strong> i oferuje <strong>sprz\u0119t do grillowania<\/strong>, co pozwala na organizacj\u0119 przyjemnych spotka\u0144 na \u015bwie\u017cym powietrzu.<\/p>\n<p>W <strong>Kompleksie Tenis dbamy o to, aby ka\u017cdy aspekt pobytu naszych go\u015bci by\u0142 wyj\u0105tkowy i komfortowy<\/strong>.<\/p>\n<\/div>\t\t\t\t\t\t\t\t<\/div>\n\t\t\t\t<\/div>\n\t\t\t\t<div class=\"elementor-element elementor-element-38e1353 elementor-widget elementor-widget-ucaddon_underline_animated_button\" data-id=\"38e1353\" data-element_type=\"widget\" data-widget_type=\"ucaddon_underline_animated_button.default\">\n\t\t\t\t<div class=\"elementor-widget-container\">\n\t\t\t\t\t<!-- start Underline Animated Button -->\n\t\t\t<style type=\"text\/css\">\/* widget: Underline Animated Button *\/\n\n#uc_underline_animated_button_elementor_38e1353\n{\n  text-align:left;\n}\n\n#uc_underline_animated_button_elementor_38e1353 a {\n  padding: 0.7em calc(0.7em * 1.2);\n  display: inline-block;\n  border: 2px solid transparent;\n  position: relative;\n  cursor: pointer;\n  text-decoration:none;\n}\n#uc_underline_animated_button_elementor_38e1353 a .text {\n  transform: translate3d(0, 0.7em, 0);\n  display: block;\n  transition: transform 0.4s cubic-bezier(0.2, 0, 0, 1) 0.4s;\n}\n#uc_underline_animated_button_elementor_38e1353 a:after {\n  position: absolute;\n  content: '';\n  bottom: -2px;\n  left: calc(0.7em * 1.2);\n  right: calc(0.7em * 1.2);\n  height: 2px;\n  background: #AA8453;\n  transition: transform 0.8s cubic-bezier(1, 0, 0.37, 1) 0.2s, right 0.2s cubic-bezier(0.04, 0.48, 0, 1) 0.6s, left 0.4s cubic-bezier(0.04, 0.48, 0, 1) 0.6s;\n  transform-origin: left;\n}\n#uc_underline_animated_button_elementor_38e1353 .line {\n  position: absolute;\n  background: #AA8453;\n}\n#uc_underline_animated_button_elementor_38e1353 .line.-right, #uc_underline_animated_button_elementor_38e1353 .line.-left {\n  width: 2px;\n  bottom: -2px;\n  top: -2px;\n  transform: scale3d(1, 0, 1);\n}\n#uc_underline_animated_button_elementor_38e1353 .line.-top, #uc_underline_animated_button_elementor_38e1353 .line.-bottom {\n  height: 2px;\n  left: -2px;\n  right: -2px;\n  transform: scale3d(0, 1, 1);\n}\n#uc_underline_animated_button_elementor_38e1353 .line.-right {\n  right: -2px;\n  transition: transform 0.1s cubic-bezier(1, 0, 0.65, 1.01) 0.23s;\n  transform-origin: top;\n}\n#uc_underline_animated_button_elementor_38e1353 .line.-top {\n  top: -2px;\n  transition: transform 0.08s linear 0.43s;\n  transform-origin: left;\n}\n#uc_underline_animated_button_elementor_38e1353 .line.-left {\n  left: -2px;\n  transition: transform 0.08s linear 0.51s;\n  transform-origin: bottom;\n}\n#uc_underline_animated_button_elementor_38e1353 .line.-bottom {\n  bottom: -2px;\n  transition: transform 0.3s cubic-bezier(1, 0, 0.65, 1.01);\n  transform-origin: right;\n}\n#uc_underline_animated_button_elementor_38e1353 a:hover .text,\n#uc_underline_animated_button_elementor_38e1353 a:active .text {\n  transform: translate3d(0, 0, 0);\n  transition: transform 0.6s cubic-bezier(0.2, 0, 0, 1) 0.4s;\n}\n#uc_underline_animated_button_elementor_38e1353 a:hover:after,\n#uc_underline_animated_button_elementor_38e1353 a:active:after {\n  transform: scale3d(0, 1, 1);\n  right: -2px;\n  left: -2px;\n  transform-origin: right;\n  transition: transform 0.2s cubic-bezier(1, 0, 0.65, 1.01) 0.17s, right 0.2s cubic-bezier(1, 0, 0.65, 1.01), left 0s 0.3s;\n}\n#uc_underline_animated_button_elementor_38e1353 a:hover .line,\n#uc_underline_animated_button_elementor_38e1353 a:active .line {\n  transform: scale3d(1, 1, 1);\n}\n#uc_underline_animated_button_elementor_38e1353 a:hover .line.-right,\n#uc_underline_animated_button_elementor_38e1353 a:active .line.-right {\n  transition: transform 0.1s cubic-bezier(1, 0, 0.65, 1.01) 0.2s;\n  transform-origin: bottom;\n}\n#uc_underline_animated_button_elementor_38e1353 a:hover .line.-top,\n#uc_underline_animated_button_elementor_38e1353 a:active .line.-top {\n  transition: transform 0.08s linear 0.4s;\n  transform-origin: right;\n}\n#uc_underline_animated_button_elementor_38e1353 a:hover .line.-left,\n#uc_underline_animated_button_elementor_38e1353 a:active .line.-left {\n  transition: transform 0.08s linear 0.48s;\n  transform-origin: top;\n}\n#uc_underline_animated_button_elementor_38e1353 a:hover .line.-bottom,\n#uc_underline_animated_button_elementor_38e1353 a:active .line.-bottom {\n  transition: transform 0.5s cubic-bezier(0, 0.53, 0.29, 1) 0.56s;\n  transform-origin: left;\n}\n\n<\/style>\n\n\t\t\t<section class=\"portfolio-experiment underline_animated_button\" id=\"uc_underline_animated_button_elementor_38e1353\">\n  <a href=\"https:\/\/kktenis.pl\/tenis-club\/rezerwacja\/\" >\n    <div class=\"text\">Zarezerwuj pok\u00f3j<\/div>\n    <div class=\"line -right\"><\/div>\n    <div class=\"line -top\"><\/div>\n    <div class=\"line -left\"><\/div>\n    <div class=\"line -bottom\"><\/div>\n  <\/a>\n<\/section>\n\t\t\t<!-- end Underline Animated Button -->\t\t\t\t<\/div>\n\t\t\t\t<\/div>\n\t\t\t\t<\/div>\n\t\t<div class=\"elementor-element elementor-element-75f2ad6 e-con-full animated-slow e-flex elementor-invisible e-con e-child\" data-id=\"75f2ad6\" data-element_type=\"container\" data-settings=\"{&quot;animation&quot;:&quot;fadeIn&quot;}\">\n\t\t\t\t<div class=\"elementor-element elementor-element-442c01d elementor-widget elementor-widget-image\" data-id=\"442c01d\" data-element_type=\"widget\" data-widget_type=\"image.default\">\n\t\t\t\t<div class=\"elementor-widget-container\">\n\t\t\t\t\t\t\t\t\t\t\t\t\t\t\t<img fetchpriority=\"high\" decoding=\"async\" width=\"800\" height=\"600\" src=\"https:\/\/kktenis.pl\/tenis-club\/wp-content\/uploads\/2024\/01\/410121603-1024x768.jpg\" class=\"attachment-large size-large wp-image-372\" alt=\"pok\u00f3j\" srcset=\"https:\/\/kktenis.pl\/tenis-club\/wp-content\/uploads\/2024\/01\/410121603-1024x768.jpg 1024w, https:\/\/kktenis.pl\/tenis-club\/wp-content\/uploads\/2024\/01\/410121603-300x225.jpg 300w, https:\/\/kktenis.pl\/tenis-club\/wp-content\/uploads\/2024\/01\/410121603-768x576.jpg 768w, https:\/\/kktenis.pl\/tenis-club\/wp-content\/uploads\/2024\/01\/410121603.jpg 1200w\" sizes=\"(max-width: 800px) 100vw, 800px\" \/>\t\t\t\t\t\t\t\t\t\t\t\t\t\t\t<\/div>\n\t\t\t\t<\/div>\n\t\t\t\t<\/div>\n\t\t\t\t\t<\/div>\n\t\t\t\t<\/div>\n\t\t\t\t<\/div>\n\t\t","protected":false},"excerpt":{"rendered":"<p>Pokoje Kompleks Sportowo-Rekreacyjny Pokoje Kompleks Tenis Club oferuje go\u015bciom szeroki wyb\u00f3r komfortowych pokoi, ka\u017cdy z \u0142azienk\u0105 wyposa\u017con\u0105 w prysznic i bezp\u0142atny zestaw kosmetyk\u00f3w. Dla smakoszy, nasza restauracja z kominkiem serwuje wykwintne dania kuchni polskiej i mi\u0119dzynarodowej, tworz\u0105c idealne warunki do relaksu i delektowania si\u0119 wyj\u0105tkowymi smakami. Dla mi\u0142o\u015bnik\u00f3w sportu dost\u0119pne s\u0105 2 korty tenisowe, idealne [&hellip;]<\/p>\n","protected":false},"author":1,"featured_media":0,"parent":0,"menu_order":0,"comment_status":"closed","ping_status":"closed","template":"elementor_header_footer","meta":{"footnotes":""},"class_list":["post-223","page","type-page","status-publish","hentry"],"yoast_head":"<!-- This site is optimized with the Yoast SEO plugin v26.1.1 - https:\/\/yoast.com\/wordpress\/plugins\/seo\/ -->\n<title>Pokoje - Kompleks Sportowo-Rekreacyjny<\/title>\n<meta name=\"description\" content=\"Zapewnij sobie niezapomniany pobyt w jednym z komfortowych pokoi Hotelu Tenis Club. Idealne dla podr\u00f3\u017cy s\u0142u\u017cbowych, sportowc\u00f3w i turyst\u00f3w.\" \/>\n<meta name=\"robots\" content=\"index, follow, max-snippet:-1, max-image-preview:large, max-video-preview:-1\" \/>\n<link rel=\"canonical\" href=\"https:\/\/kktenis.pl\/tenis-club\/pokoje\/\" \/>\n<meta property=\"og:locale\" content=\"pl_PL\" \/>\n<meta property=\"og:type\" content=\"article\" \/>\n<meta property=\"og:title\" content=\"Pokoje - Kompleks Sportowo-Rekreacyjny\" \/>\n<meta property=\"og:description\" content=\"Zapewnij sobie niezapomniany pobyt w jednym z komfortowych pokoi Hotelu Tenis Club. Idealne dla podr\u00f3\u017cy s\u0142u\u017cbowych, sportowc\u00f3w i turyst\u00f3w.\" \/>\n<meta property=\"og:url\" content=\"https:\/\/kktenis.pl\/tenis-club\/pokoje\/\" \/>\n<meta property=\"og:site_name\" content=\"Kompleks Sportowo-Rekreacyjny\" \/>\n<meta property=\"article:modified_time\" content=\"2024-01-19T08:17:50+00:00\" \/>\n<meta property=\"og:image\" content=\"https:\/\/kktenis.pl\/tenis-club\/wp-content\/uploads\/2024\/01\/410121603-1024x768.jpg\" \/>\n<meta name=\"twitter:card\" content=\"summary_large_image\" \/>\n<meta name=\"twitter:label1\" content=\"Szacowany czas czytania\" \/>\n\t<meta name=\"twitter:data1\" content=\"1 minuta\" \/>\n<script type=\"application\/ld+json\" class=\"yoast-schema-graph\">{\"@context\":\"https:\/\/schema.org\",\"@graph\":[{\"@type\":\"WebPage\",\"@id\":\"https:\/\/kktenis.pl\/tenis-club\/pokoje\/\",\"url\":\"https:\/\/kktenis.pl\/tenis-club\/pokoje\/\",\"name\":\"Pokoje - Kompleks Sportowo-Rekreacyjny\",\"isPartOf\":{\"@id\":\"https:\/\/kktenis.pl\/tenis-club\/#website\"},\"primaryImageOfPage\":{\"@id\":\"https:\/\/kktenis.pl\/tenis-club\/pokoje\/#primaryimage\"},\"image\":{\"@id\":\"https:\/\/kktenis.pl\/tenis-club\/pokoje\/#primaryimage\"},\"thumbnailUrl\":\"https:\/\/kktenis.pl\/tenis-club\/wp-content\/uploads\/2024\/01\/410121603-1024x768.jpg\",\"datePublished\":\"2024-01-12T13:48:16+00:00\",\"dateModified\":\"2024-01-19T08:17:50+00:00\",\"description\":\"Zapewnij sobie niezapomniany pobyt w jednym z komfortowych pokoi Hotelu Tenis Club. Idealne dla podr\u00f3\u017cy s\u0142u\u017cbowych, sportowc\u00f3w i turyst\u00f3w.\",\"breadcrumb\":{\"@id\":\"https:\/\/kktenis.pl\/tenis-club\/pokoje\/#breadcrumb\"},\"inLanguage\":\"pl-PL\",\"potentialAction\":[{\"@type\":\"ReadAction\",\"target\":[\"https:\/\/kktenis.pl\/tenis-club\/pokoje\/\"]}]},{\"@type\":\"ImageObject\",\"inLanguage\":\"pl-PL\",\"@id\":\"https:\/\/kktenis.pl\/tenis-club\/pokoje\/#primaryimage\",\"url\":\"https:\/\/kktenis.pl\/tenis-club\/wp-content\/uploads\/2024\/01\/410121603.jpg\",\"contentUrl\":\"https:\/\/kktenis.pl\/tenis-club\/wp-content\/uploads\/2024\/01\/410121603.jpg\",\"width\":1200,\"height\":900,\"caption\":\"pok\u00f3j\"},{\"@type\":\"BreadcrumbList\",\"@id\":\"https:\/\/kktenis.pl\/tenis-club\/pokoje\/#breadcrumb\",\"itemListElement\":[{\"@type\":\"ListItem\",\"position\":1,\"name\":\"Strona g\u0142\u00f3wna\",\"item\":\"https:\/\/kktenis.pl\/tenis-club\/\"},{\"@type\":\"ListItem\",\"position\":2,\"name\":\"Pokoje\"}]},{\"@type\":\"WebSite\",\"@id\":\"https:\/\/kktenis.pl\/tenis-club\/#website\",\"url\":\"https:\/\/kktenis.pl\/tenis-club\/\",\"name\":\"Kompleks Sportowo-Rekreacyjny\",\"description\":\"K\u0119dzierzyn-Ko\u017ale\",\"publisher\":{\"@id\":\"https:\/\/kktenis.pl\/tenis-club\/#organization\"},\"potentialAction\":[{\"@type\":\"SearchAction\",\"target\":{\"@type\":\"EntryPoint\",\"urlTemplate\":\"https:\/\/kktenis.pl\/tenis-club\/?s={search_term_string}\"},\"query-input\":{\"@type\":\"PropertyValueSpecification\",\"valueRequired\":true,\"valueName\":\"search_term_string\"}}],\"inLanguage\":\"pl-PL\"},{\"@type\":\"Organization\",\"@id\":\"https:\/\/kktenis.pl\/tenis-club\/#organization\",\"name\":\"Kompleks Sportowo-Rekreacyjny\",\"url\":\"https:\/\/kktenis.pl\/tenis-club\/\",\"logo\":{\"@type\":\"ImageObject\",\"inLanguage\":\"pl-PL\",\"@id\":\"https:\/\/kktenis.pl\/tenis-club\/#\/schema\/logo\/image\/\",\"url\":\"https:\/\/kktenis.pl\/tenis-club\/wp-content\/uploads\/2020\/04\/logo-3.png\",\"contentUrl\":\"https:\/\/kktenis.pl\/tenis-club\/wp-content\/uploads\/2020\/04\/logo-3.png\",\"width\":183,\"height\":79,\"caption\":\"Kompleks Sportowo-Rekreacyjny\"},\"image\":{\"@id\":\"https:\/\/kktenis.pl\/tenis-club\/#\/schema\/logo\/image\/\"}}]}<\/script>\n<!-- \/ Yoast SEO plugin. -->","yoast_head_json":{"title":"Pokoje - Kompleks Sportowo-Rekreacyjny","description":"Zapewnij sobie niezapomniany pobyt w jednym z komfortowych pokoi Hotelu Tenis Club. Idealne dla podr\u00f3\u017cy s\u0142u\u017cbowych, sportowc\u00f3w i turyst\u00f3w.","robots":{"index":"index","follow":"follow","max-snippet":"max-snippet:-1","max-image-preview":"max-image-preview:large","max-video-preview":"max-video-preview:-1"},"canonical":"https:\/\/kktenis.pl\/tenis-club\/pokoje\/","og_locale":"pl_PL","og_type":"article","og_title":"Pokoje - Kompleks Sportowo-Rekreacyjny","og_description":"Zapewnij sobie niezapomniany pobyt w jednym z komfortowych pokoi Hotelu Tenis Club. Idealne dla podr\u00f3\u017cy s\u0142u\u017cbowych, sportowc\u00f3w i turyst\u00f3w.","og_url":"https:\/\/kktenis.pl\/tenis-club\/pokoje\/","og_site_name":"Kompleks Sportowo-Rekreacyjny","article_modified_time":"2024-01-19T08:17:50+00:00","og_image":[{"url":"https:\/\/kktenis.pl\/tenis-club\/wp-content\/uploads\/2024\/01\/410121603-1024x768.jpg","type":"","width":"","height":""}],"twitter_card":"summary_large_image","twitter_misc":{"Szacowany czas czytania":"1 minuta"},"schema":{"@context":"https:\/\/schema.org","@graph":[{"@type":"WebPage","@id":"https:\/\/kktenis.pl\/tenis-club\/pokoje\/","url":"https:\/\/kktenis.pl\/tenis-club\/pokoje\/","name":"Pokoje - Kompleks Sportowo-Rekreacyjny","isPartOf":{"@id":"https:\/\/kktenis.pl\/tenis-club\/#website"},"primaryImageOfPage":{"@id":"https:\/\/kktenis.pl\/tenis-club\/pokoje\/#primaryimage"},"image":{"@id":"https:\/\/kktenis.pl\/tenis-club\/pokoje\/#primaryimage"},"thumbnailUrl":"https:\/\/kktenis.pl\/tenis-club\/wp-content\/uploads\/2024\/01\/410121603-1024x768.jpg","datePublished":"2024-01-12T13:48:16+00:00","dateModified":"2024-01-19T08:17:50+00:00","description":"Zapewnij sobie niezapomniany pobyt w jednym z komfortowych pokoi Hotelu Tenis Club. Idealne dla podr\u00f3\u017cy s\u0142u\u017cbowych, sportowc\u00f3w i turyst\u00f3w.","breadcrumb":{"@id":"https:\/\/kktenis.pl\/tenis-club\/pokoje\/#breadcrumb"},"inLanguage":"pl-PL","potentialAction":[{"@type":"ReadAction","target":["https:\/\/kktenis.pl\/tenis-club\/pokoje\/"]}]},{"@type":"ImageObject","inLanguage":"pl-PL","@id":"https:\/\/kktenis.pl\/tenis-club\/pokoje\/#primaryimage","url":"https:\/\/kktenis.pl\/tenis-club\/wp-content\/uploads\/2024\/01\/410121603.jpg","contentUrl":"https:\/\/kktenis.pl\/tenis-club\/wp-content\/uploads\/2024\/01\/410121603.jpg","width":1200,"height":900,"caption":"pok\u00f3j"},{"@type":"BreadcrumbList","@id":"https:\/\/kktenis.pl\/tenis-club\/pokoje\/#breadcrumb","itemListElement":[{"@type":"ListItem","position":1,"name":"Strona g\u0142\u00f3wna","item":"https:\/\/kktenis.pl\/tenis-club\/"},{"@type":"ListItem","position":2,"name":"Pokoje"}]},{"@type":"WebSite","@id":"https:\/\/kktenis.pl\/tenis-club\/#website","url":"https:\/\/kktenis.pl\/tenis-club\/","name":"Kompleks Sportowo-Rekreacyjny","description":"K\u0119dzierzyn-Ko\u017ale","publisher":{"@id":"https:\/\/kktenis.pl\/tenis-club\/#organization"},"potentialAction":[{"@type":"SearchAction","target":{"@type":"EntryPoint","urlTemplate":"https:\/\/kktenis.pl\/tenis-club\/?s={search_term_string}"},"query-input":{"@type":"PropertyValueSpecification","valueRequired":true,"valueName":"search_term_string"}}],"inLanguage":"pl-PL"},{"@type":"Organization","@id":"https:\/\/kktenis.pl\/tenis-club\/#organization","name":"Kompleks Sportowo-Rekreacyjny","url":"https:\/\/kktenis.pl\/tenis-club\/","logo":{"@type":"ImageObject","inLanguage":"pl-PL","@id":"https:\/\/kktenis.pl\/tenis-club\/#\/schema\/logo\/image\/","url":"https:\/\/kktenis.pl\/tenis-club\/wp-content\/uploads\/2020\/04\/logo-3.png","contentUrl":"https:\/\/kktenis.pl\/tenis-club\/wp-content\/uploads\/2020\/04\/logo-3.png","width":183,"height":79,"caption":"Kompleks Sportowo-Rekreacyjny"},"image":{"@id":"https:\/\/kktenis.pl\/tenis-club\/#\/schema\/logo\/image\/"}}]}},"_links":{"self":[{"href":"https:\/\/kktenis.pl\/tenis-club\/wp-json\/wp\/v2\/pages\/223","targetHints":{"allow":["GET"]}}],"collection":[{"href":"https:\/\/kktenis.pl\/tenis-club\/wp-json\/wp\/v2\/pages"}],"about":[{"href":"https:\/\/kktenis.pl\/tenis-club\/wp-json\/wp\/v2\/types\/page"}],"author":[{"embeddable":true,"href":"https:\/\/kktenis.pl\/tenis-club\/wp-json\/wp\/v2\/users\/1"}],"replies":[{"embeddable":true,"href":"https:\/\/kktenis.pl\/tenis-club\/wp-json\/wp\/v2\/comments?post=223"}],"version-history":[{"count":16,"href":"https:\/\/kktenis.pl\/tenis-club\/wp-json\/wp\/v2\/pages\/223\/revisions"}],"predecessor-version":[{"id":501,"href":"https:\/\/kktenis.pl\/tenis-club\/wp-json\/wp\/v2\/pages\/223\/revisions\/501"}],"wp:attachment":[{"href":"https:\/\/kktenis.pl\/tenis-club\/wp-json\/wp\/v2\/media?parent=223"}],"curies":[{"name":"wp","href":"https:\/\/api.w.org\/{rel}","templated":true}]}}