{"id":1397,"date":"2024-01-17T10:40:58","date_gmt":"2024-01-17T09:40:58","guid":{"rendered":"https:\/\/kktenis.pl\/kkt\/?page_id=1397"},"modified":"2025-01-24T10:06:28","modified_gmt":"2025-01-24T09:06:28","slug":"kontakt","status":"publish","type":"page","link":"https:\/\/kktenis.pl\/kkt\/kontakt\/","title":{"rendered":"Kontakt"},"content":{"rendered":"\t\t<div data-elementor-type=\"wp-page\" data-elementor-id=\"1397\" class=\"elementor elementor-1397\" data-elementor-settings=\"{&quot;ha_cmc_init_switcher&quot;:&quot;no&quot;}\" data-elementor-post-type=\"page\">\n\t\t\t\t<div class=\"elementor-element elementor-element-6f3d7dd e-con-full e-flex e-con e-parent\" data-id=\"6f3d7dd\" data-element_type=\"container\" data-settings=\"{&quot;_ha_eqh_enable&quot;:false}\">\n\t\t\t\t<div class=\"elementor-element elementor-element-fdf0b7a elementor-widget elementor-widget-google_maps\" data-id=\"fdf0b7a\" data-element_type=\"widget\" data-widget_type=\"google_maps.default\">\n\t\t\t\t<div class=\"elementor-widget-container\">\n\t\t\t\t\t\t\t<div class=\"elementor-custom-embed\">\n\t\t\t<iframe loading=\"lazy\"\n\t\t\t\t\tsrc=\"https:\/\/maps.google.com\/maps?q=ul.%20Boles%C5%82awa%20%C5%9Amia%C5%82ego%202%2047-232%20K%C4%99dzierzyn-Ko%C5%BAle&#038;t=m&#038;z=14&#038;output=embed&#038;iwloc=near\"\n\t\t\t\t\ttitle=\"ul. Boles\u0142awa \u015amia\u0142ego 2 47-232 K\u0119dzierzyn-Ko\u017ale\"\n\t\t\t\t\taria-label=\"ul. Boles\u0142awa \u015amia\u0142ego 2 47-232 K\u0119dzierzyn-Ko\u017ale\"\n\t\t\t><\/iframe>\n\t\t<\/div>\n\t\t\t\t\t\t<\/div>\n\t\t\t\t<\/div>\n\t\t\t\t<\/div>\n\t\t<div class=\"elementor-element elementor-element-201aa2e7 e-flex e-con-boxed e-con e-parent\" data-id=\"201aa2e7\" data-element_type=\"container\" data-settings=\"{&quot;_ha_eqh_enable&quot;:false}\">\n\t\t\t\t\t<div class=\"e-con-inner\">\n\t\t<div class=\"elementor-element elementor-element-3179601b e-con-full e-flex e-con e-child\" data-id=\"3179601b\" data-element_type=\"container\" data-settings=\"{&quot;_ha_eqh_enable&quot;:false}\">\n\t\t\t\t<div class=\"elementor-element elementor-element-283c2c24 elementor-widget elementor-widget-heading\" data-id=\"283c2c24\" data-element_type=\"widget\" data-widget_type=\"heading.default\">\n\t\t\t\t<div class=\"elementor-widget-container\">\n\t\t\t\t\t<h2 class=\"elementor-heading-title elementor-size-default\">Twoja droga do tenisa<\/h2>\t\t\t\t<\/div>\n\t\t\t\t<\/div>\n\t\t\t\t<div class=\"elementor-element elementor-element-3b367e07 elementor-widget elementor-widget-heading\" data-id=\"3b367e07\" data-element_type=\"widget\" data-widget_type=\"heading.default\">\n\t\t\t\t<div class=\"elementor-widget-container\">\n\t\t\t\t\t<h1 class=\"elementor-heading-title elementor-size-default\">Skontaktuj si\u0119 z Nami<\/h1>\t\t\t\t<\/div>\n\t\t\t\t<\/div>\n\t\t\t\t<div class=\"elementor-element elementor-element-5481ec4b elementor-widget elementor-widget-text-editor\" data-id=\"5481ec4b\" data-element_type=\"widget\" data-widget_type=\"text-editor.default\">\n\t\t\t\t<div class=\"elementor-widget-container\">\n\t\t\t\t\t\t\t\t\t<p>Masz pytania dotycz\u0105ce K\u0119dzierzy\u0144skiego Klubu Tenisowego? Chcesz do\u0142\u0105czy\u0107 do naszych program\u00f3w lub uczestniczy\u0107 w turniejach? Skontaktuj si\u0119! Jeste\u015bmy gotowi pom\u00f3c i wprowadzi\u0107 Ci\u0119 w \u015bwiat tenisa.<\/p>\t\t\t\t\t\t\t\t<\/div>\n\t\t\t\t<\/div>\n\t\t\t\t<div class=\"elementor-element elementor-element-337d7ae elementor-icon-list--layout-traditional elementor-list-item-link-full_width elementor-widget elementor-widget-icon-list\" data-id=\"337d7ae\" data-element_type=\"widget\" data-widget_type=\"icon-list.default\">\n\t\t\t\t<div class=\"elementor-widget-container\">\n\t\t\t\t\t\t\t<ul class=\"elementor-icon-list-items\">\n\t\t\t\t\t\t\t<li class=\"elementor-icon-list-item\">\n\t\t\t\t\t\t\t\t\t\t<span class=\"elementor-icon-list-text\">K\u0119dzierzy\u0144ski Klub Tenisowy <br>ul. Boles\u0142awa \u015amia\u0142ego 2,<br> 47-232 K\u0119dzierzyn-Ko\u017ale <\/span>\n\t\t\t\t\t\t\t\t\t<\/li>\n\t\t\t\t\t\t\t\t<li class=\"elementor-icon-list-item\">\n\t\t\t\t\t\t\t\t\t\t<span class=\"elementor-icon-list-text\">tel.\/fax 077 \/ 48-10-600<br> tel. kom. 602-632-996<\/span>\n\t\t\t\t\t\t\t\t\t<\/li>\n\t\t\t\t\t\t\t\t<li class=\"elementor-icon-list-item\">\n\t\t\t\t\t\t\t\t\t\t\t<a href=\"mailto:%20andrzej@kktenis.pl\">\n\n\t\t\t\t\t\t\t\t\t\t\t<span class=\"elementor-icon-list-text\">E-mail: andrzej@kktenis.pl<\/span>\n\t\t\t\t\t\t\t\t\t\t\t<\/a>\n\t\t\t\t\t\t\t\t\t<\/li>\n\t\t\t\t\t\t<\/ul>\n\t\t\t\t\t\t<\/div>\n\t\t\t\t<\/div>\n\t\t\t\t<\/div>\n\t\t<div class=\"elementor-element elementor-element-717a83b4 e-con-full e-flex e-con e-child\" data-id=\"717a83b4\" data-element_type=\"container\" data-settings=\"{&quot;_ha_eqh_enable&quot;:false}\">\n\t\t\t\t<div class=\"elementor-element elementor-element-4223 elementor-button-align-start elementor-widget elementor-widget-global elementor-global-4223 elementor-widget-form\" data-id=\"4223\" data-element_type=\"widget\" data-settings=\"{&quot;step_next_label&quot;:&quot;Nast\\u0119pny&quot;,&quot;step_previous_label&quot;:&quot;Poprzedni&quot;,&quot;button_width&quot;:&quot;100&quot;,&quot;step_type&quot;:&quot;number_text&quot;,&quot;step_icon_shape&quot;:&quot;circle&quot;}\" data-widget_type=\"form.default\">\n\t\t\t\t<div class=\"elementor-widget-container\">\n\t\t\t\t\t\t\t<form class=\"elementor-form\" method=\"post\" name=\"Nowy formularz\">\n\t\t\t<input type=\"hidden\" name=\"post_id\" value=\"1397\"\/>\n\t\t\t<input type=\"hidden\" name=\"form_id\" value=\"4223\"\/>\n\t\t\t<input type=\"hidden\" name=\"referer_title\" value=\"K\u0119dzierzy\u0144ski Klub Tenisowy\" \/>\n\n\t\t\t\n\t\t\t<div class=\"elementor-form-fields-wrapper elementor-labels-\">\n\t\t\t\t\t\t\t\t<div class=\"elementor-field-type-text elementor-field-group elementor-column elementor-field-group-name elementor-col-50\">\n\t\t\t\t\t\t\t\t\t\t\t\t<label for=\"form-field-name\" class=\"elementor-field-label elementor-screen-only\">\n\t\t\t\t\t\t\t\tImi\u0119\t\t\t\t\t\t\t<\/label>\n\t\t\t\t\t\t\t\t\t\t\t\t\t\t<input size=\"1\" type=\"text\" name=\"form_fields[name]\" id=\"form-field-name\" class=\"elementor-field elementor-size-md  elementor-field-textual\" placeholder=\"Imi\u0119\">\n\t\t\t\t\t\t\t\t\t\t\t<\/div>\n\t\t\t\t\t\t\t\t<div class=\"elementor-field-type-text elementor-field-group elementor-column elementor-field-group-field_43d0f29 elementor-col-50\">\n\t\t\t\t\t\t\t\t\t\t\t\t<label for=\"form-field-field_43d0f29\" class=\"elementor-field-label elementor-screen-only\">\n\t\t\t\t\t\t\t\tNazwisko\t\t\t\t\t\t\t<\/label>\n\t\t\t\t\t\t\t\t\t\t\t\t\t\t<input size=\"1\" type=\"text\" name=\"form_fields[field_43d0f29]\" id=\"form-field-field_43d0f29\" class=\"elementor-field elementor-size-md  elementor-field-textual\" placeholder=\"Nazwisko\">\n\t\t\t\t\t\t\t\t\t\t\t<\/div>\n\t\t\t\t\t\t\t\t<div class=\"elementor-field-type-email elementor-field-group elementor-column elementor-field-group-email elementor-col-50 elementor-field-required\">\n\t\t\t\t\t\t\t\t\t\t\t\t<label for=\"form-field-email\" class=\"elementor-field-label elementor-screen-only\">\n\t\t\t\t\t\t\t\tE-mail\t\t\t\t\t\t\t<\/label>\n\t\t\t\t\t\t\t\t\t\t\t\t\t\t<input size=\"1\" type=\"email\" name=\"form_fields[email]\" id=\"form-field-email\" class=\"elementor-field elementor-size-md  elementor-field-textual\" placeholder=\"E-mail\" required=\"required\" aria-required=\"true\">\n\t\t\t\t\t\t\t\t\t\t\t<\/div>\n\t\t\t\t\t\t\t\t<div class=\"elementor-field-type-tel elementor-field-group elementor-column elementor-field-group-field_89262c8 elementor-col-50 elementor-field-required\">\n\t\t\t\t\t\t\t\t\t\t\t\t<label for=\"form-field-field_89262c8\" class=\"elementor-field-label elementor-screen-only\">\n\t\t\t\t\t\t\t\tNumer telefonu\t\t\t\t\t\t\t<\/label>\n\t\t\t\t\t\t\t\t<input size=\"1\" type=\"tel\" name=\"form_fields[field_89262c8]\" id=\"form-field-field_89262c8\" class=\"elementor-field elementor-size-md  elementor-field-textual\" placeholder=\"Numer telefonu\" required=\"required\" aria-required=\"true\" pattern=\"[0-9()#&amp;+*-=.]+\" title=\"Akceptowane s\u0105 jedynie cyfry i znaki telefoniczne (#,-,*).\">\n\n\t\t\t\t\t\t<\/div>\n\t\t\t\t\t\t\t\t<div class=\"elementor-field-type-textarea elementor-field-group elementor-column elementor-field-group-message elementor-col-100\">\n\t\t\t\t\t\t\t\t\t\t\t\t<label for=\"form-field-message\" class=\"elementor-field-label elementor-screen-only\">\n\t\t\t\t\t\t\t\tWiadomo\u015b\u0107\t\t\t\t\t\t\t<\/label>\n\t\t\t\t\t\t<textarea class=\"elementor-field-textual elementor-field  elementor-size-md\" name=\"form_fields[message]\" id=\"form-field-message\" rows=\"4\" placeholder=\"Wiadomo\u015b\u0107\"><\/textarea>\t\t\t\t<\/div>\n\t\t\t\t\t\t\t\t<div class=\"elementor-field-type-acceptance elementor-field-group elementor-column elementor-field-group-field_6ae873e elementor-col-100 elementor-field-required\">\n\t\t\t\t\t\t\t<div class=\"elementor-field-subgroup\">\n\t\t\t<span class=\"elementor-field-option\">\n\t\t\t\t<input type=\"checkbox\" name=\"form_fields[field_6ae873e]\" id=\"form-field-field_6ae873e\" class=\"elementor-field elementor-size-md  elementor-acceptance-field\" required=\"required\" aria-required=\"true\">\n\t\t\t\t<label for=\"form-field-field_6ae873e\">Wyra\u017cam zgod\u0119 na przetwarzanie moich danych osobowych zgodnie z ustaw\u0105 o ochronie danych osobowych w zwi\u0105zku z realizacj\u0105 zg\u0142oszenia. Administratorem danych osobowych jest firma K\u0119dzierzy\u0144ski Klub Tenisowy <a href=\"polityka-prywatnosci\">Zobacz polityk\u0119 prywatno\u015bci.<\/a><\/label>\t\t\t<\/span>\n\t\t<\/div>\n\t\t\t\t\t\t<\/div>\n\t\t\t\t\t\t\t\t<div class=\"elementor-field-type-recaptcha_v3 elementor-field-group elementor-column elementor-field-group-field_d92bba6 elementor-col-100 recaptcha_v3-bottomright\">\n\t\t\t\t\t<div class=\"elementor-field\" id=\"form-field-field_d92bba6\"><div class=\"elementor-g-recaptcha\" data-sitekey=\"6LdB7sEqAAAAAARV2kWSI2PDSynlKaAenJId-Xyk\" data-type=\"v3\" data-action=\"Form\" data-badge=\"bottomright\" data-size=\"invisible\"><\/div><\/div>\t\t\t\t<\/div>\n\t\t\t\t\t\t\t\t<div class=\"elementor-field-type-text\">\n\t\t\t\t\t<input size=\"1\" type=\"text\" name=\"form_fields[field_43c36e0]\" id=\"form-field-field_43c36e0\" class=\"elementor-field elementor-size-md \" style=\"display:none !important;\">\t\t\t\t<\/div>\n\t\t\t\t\t\t\t\t<div class=\"elementor-field-group elementor-column elementor-field-type-submit elementor-col-100 e-form__buttons\">\n\t\t\t\t\t<button class=\"elementor-button elementor-size-sm\" type=\"submit\">\n\t\t\t\t\t\t<span class=\"elementor-button-content-wrapper\">\n\t\t\t\t\t\t\t\t\t\t\t\t\t\t\t<span class=\"elementor-button-icon\">\n\t\t\t\t\t\t\t\t\t<svg aria-hidden=\"true\" class=\"e-font-icon-svg e-fab-telegram-plane\" viewBox=\"0 0 448 512\" xmlns=\"http:\/\/www.w3.org\/2000\/svg\"><path d=\"M446.7 98.6l-67.6 318.8c-5.1 22.5-18.4 28.1-37.3 17.5l-103-75.9-49.7 47.8c-5.5 5.5-10.1 10.1-20.7 10.1l7.4-104.9 190.9-172.5c8.3-7.4-1.8-11.5-12.9-4.1L117.8 284 16.2 252.2c-22.1-6.9-22.5-22.1 4.6-32.7L418.2 66.4c18.4-6.9 34.5 4.1 28.5 32.2z\"><\/path><\/svg>\t\t\t\t\t\t\t\t\t\t\t\t\t\t\t\t\t<\/span>\n\t\t\t\t\t\t\t\t\t\t\t\t\t\t\t\t\t\t\t\t\t\t<span class=\"elementor-button-text\">Wy\u015blij wiadomo\u015b\u0107<\/span>\n\t\t\t\t\t\t\t\t\t\t\t\t\t<\/span>\n\t\t\t\t\t<\/button>\n\t\t\t\t<\/div>\n\t\t\t<\/div>\n\t\t<\/form>\n\t\t\t\t\t\t<\/div>\n\t\t\t\t<\/div>\n\t\t\t\t<\/div>\n\t\t\t\t<div class=\"elementor-element elementor-element-b696d68 elementor-fixed elementor-shape-rounded elementor-grid-0 elementor-widget elementor-widget-social-icons\" data-id=\"b696d68\" data-element_type=\"widget\" data-settings=\"{&quot;_position&quot;:&quot;fixed&quot;}\" data-widget_type=\"social-icons.default\">\n\t\t\t\t<div class=\"elementor-widget-container\">\n\t\t\t\t\t\t\t<div class=\"elementor-social-icons-wrapper elementor-grid\">\n\t\t\t\t\t\t\t<span class=\"elementor-grid-item\">\n\t\t\t\t\t<a class=\"elementor-icon elementor-social-icon elementor-social-icon-facebook elementor-repeater-item-56a9916\" href=\"#elementor-action%3Aaction%3Dpopup%3Aopen%26settings%3DeyJpZCI6IjQwNzciLCJ0b2dnbGUiOmZhbHNlfQ%3D%3D\" target=\"_blank\">\n\t\t\t\t\t\t<span class=\"elementor-screen-only\">Facebook<\/span>\n\t\t\t\t\t\t<svg aria-hidden=\"true\" class=\"e-font-icon-svg e-fab-facebook\" viewBox=\"0 0 512 512\" xmlns=\"http:\/\/www.w3.org\/2000\/svg\"><path d=\"M504 256C504 119 393 8 256 8S8 119 8 256c0 123.78 90.69 226.38 209.25 245V327.69h-63V256h63v-54.64c0-62.15 37-96.48 93.67-96.48 27.14 0 55.52 4.84 55.52 4.84v61h-31.28c-30.8 0-40.41 19.12-40.41 38.73V256h68.78l-11 71.69h-57.78V501C413.31 482.38 504 379.78 504 256z\"><\/path><\/svg>\t\t\t\t\t<\/a>\n\t\t\t\t<\/span>\n\t\t\t\t\t<\/div>\n\t\t\t\t\t\t<\/div>\n\t\t\t\t<\/div>\n\t\t\t\t\t<\/div>\n\t\t\t\t<\/div>\n\t\t\t\t<\/div>\n\t\t","protected":false},"excerpt":{"rendered":"<p>Twoja droga do tenisa Skontaktuj si\u0119 z Nami Masz pytania dotycz\u0105ce K\u0119dzierzy\u0144skiego Klubu Tenisowego? Chcesz do\u0142\u0105czy\u0107 do naszych program\u00f3w lub uczestniczy\u0107 w turniejach? Skontaktuj si\u0119! Jeste\u015bmy gotowi pom\u00f3c i wprowadzi\u0107 Ci\u0119 w \u015bwiat tenisa. K\u0119dzierzy\u0144ski Klub Tenisowy ul. Boles\u0142awa \u015amia\u0142ego 2, 47-232 K\u0119dzierzyn-Ko\u017ale tel.\/fax 077 \/ 48-10-600 tel. kom. 602-632-996 E-mail: andrzej@kktenis.pl Facebook<\/p>\n","protected":false},"author":1,"featured_media":0,"parent":0,"menu_order":0,"comment_status":"closed","ping_status":"closed","template":"elementor_header_footer","meta":{"footnotes":""},"class_list":["post-1397","page","type-page","status-publish","hentry"],"yoast_head":"<!-- This site is optimized with the Yoast SEO plugin v26.1.1 - https:\/\/yoast.com\/wordpress\/plugins\/seo\/ -->\n<title>Kontakt - K\u0119dzierzy\u0144ski Klub Tenisowy<\/title>\n<meta name=\"description\" content=\"Skontaktuj si\u0119 z K\u0119dzierzy\u0144skim Klubem Tenisowym. Dane kontaktowe, adres klubu i informacje dotycz\u0105ce lokalizacji.\" \/>\n<meta name=\"robots\" content=\"index, follow, max-snippet:-1, max-image-preview:large, max-video-preview:-1\" \/>\n<link rel=\"canonical\" href=\"https:\/\/kktenis.pl\/kkt\/kontakt\/\" \/>\n<meta property=\"og:locale\" content=\"pl_PL\" \/>\n<meta property=\"og:type\" content=\"article\" \/>\n<meta property=\"og:title\" content=\"Kontakt - K\u0119dzierzy\u0144ski Klub Tenisowy\" \/>\n<meta property=\"og:description\" content=\"Skontaktuj si\u0119 z K\u0119dzierzy\u0144skim Klubem Tenisowym. Dane kontaktowe, adres klubu i informacje dotycz\u0105ce lokalizacji.\" \/>\n<meta property=\"og:url\" content=\"https:\/\/kktenis.pl\/kkt\/kontakt\/\" \/>\n<meta property=\"og:site_name\" content=\"K\u0119dzierzy\u0144ski Klub Tenisowy\" \/>\n<meta property=\"article:publisher\" content=\"https:\/\/www.facebook.com\/TenisClubKedzierzynKozle\/?locale=pl_PL\" \/>\n<meta property=\"article:modified_time\" content=\"2025-01-24T09:06:28+00:00\" \/>\n<meta name=\"twitter:card\" content=\"summary_large_image\" \/>\n<meta name=\"twitter:label1\" content=\"Szacowany czas czytania\" \/>\n\t<meta name=\"twitter:data1\" content=\"1 minuta\" \/>\n<script type=\"application\/ld+json\" class=\"yoast-schema-graph\">{\"@context\":\"https:\/\/schema.org\",\"@graph\":[{\"@type\":\"WebPage\",\"@id\":\"https:\/\/kktenis.pl\/kkt\/kontakt\/\",\"url\":\"https:\/\/kktenis.pl\/kkt\/kontakt\/\",\"name\":\"Kontakt - K\u0119dzierzy\u0144ski Klub Tenisowy\",\"isPartOf\":{\"@id\":\"https:\/\/kktenis.pl\/kkt\/#website\"},\"datePublished\":\"2024-01-17T09:40:58+00:00\",\"dateModified\":\"2025-01-24T09:06:28+00:00\",\"description\":\"Skontaktuj si\u0119 z K\u0119dzierzy\u0144skim Klubem Tenisowym. Dane kontaktowe, adres klubu i informacje dotycz\u0105ce lokalizacji.\",\"breadcrumb\":{\"@id\":\"https:\/\/kktenis.pl\/kkt\/kontakt\/#breadcrumb\"},\"inLanguage\":\"pl-PL\",\"potentialAction\":[{\"@type\":\"ReadAction\",\"target\":[\"https:\/\/kktenis.pl\/kkt\/kontakt\/\"]}]},{\"@type\":\"BreadcrumbList\",\"@id\":\"https:\/\/kktenis.pl\/kkt\/kontakt\/#breadcrumb\",\"itemListElement\":[{\"@type\":\"ListItem\",\"position\":1,\"name\":\"Strona g\u0142\u00f3wna\",\"item\":\"https:\/\/kktenis.pl\/kkt\/\"},{\"@type\":\"ListItem\",\"position\":2,\"name\":\"Kontakt\"}]},{\"@type\":\"WebSite\",\"@id\":\"https:\/\/kktenis.pl\/kkt\/#website\",\"url\":\"https:\/\/kktenis.pl\/kkt\/\",\"name\":\"K\u0119dzierzy\u0144ski Klub Tenisowy\",\"description\":\"Sklep - Wz\u00f3r instalacji sklepu\",\"publisher\":{\"@id\":\"https:\/\/kktenis.pl\/kkt\/#organization\"},\"potentialAction\":[{\"@type\":\"SearchAction\",\"target\":{\"@type\":\"EntryPoint\",\"urlTemplate\":\"https:\/\/kktenis.pl\/kkt\/?s={search_term_string}\"},\"query-input\":{\"@type\":\"PropertyValueSpecification\",\"valueRequired\":true,\"valueName\":\"search_term_string\"}}],\"inLanguage\":\"pl-PL\"},{\"@type\":\"Organization\",\"@id\":\"https:\/\/kktenis.pl\/kkt\/#organization\",\"name\":\"K\u0119dzierzy\u0144ski Klub Tenisowy\",\"url\":\"https:\/\/kktenis.pl\/kkt\/\",\"logo\":{\"@type\":\"ImageObject\",\"inLanguage\":\"pl-PL\",\"@id\":\"https:\/\/kktenis.pl\/kkt\/#\/schema\/logo\/image\/\",\"url\":\"https:\/\/kktenis.pl\/kkt\/wp-content\/uploads\/2024\/01\/logo.png\",\"contentUrl\":\"https:\/\/kktenis.pl\/kkt\/wp-content\/uploads\/2024\/01\/logo.png\",\"width\":133,\"height\":65,\"caption\":\"K\u0119dzierzy\u0144ski Klub Tenisowy\"},\"image\":{\"@id\":\"https:\/\/kktenis.pl\/kkt\/#\/schema\/logo\/image\/\"},\"sameAs\":[\"https:\/\/www.facebook.com\/TenisClubKedzierzynKozle\/?locale=pl_PL\"]}]}<\/script>\n<!-- \/ Yoast SEO plugin. -->","yoast_head_json":{"title":"Kontakt - K\u0119dzierzy\u0144ski Klub Tenisowy","description":"Skontaktuj si\u0119 z K\u0119dzierzy\u0144skim Klubem Tenisowym. Dane kontaktowe, adres klubu i informacje dotycz\u0105ce lokalizacji.","robots":{"index":"index","follow":"follow","max-snippet":"max-snippet:-1","max-image-preview":"max-image-preview:large","max-video-preview":"max-video-preview:-1"},"canonical":"https:\/\/kktenis.pl\/kkt\/kontakt\/","og_locale":"pl_PL","og_type":"article","og_title":"Kontakt - K\u0119dzierzy\u0144ski Klub Tenisowy","og_description":"Skontaktuj si\u0119 z K\u0119dzierzy\u0144skim Klubem Tenisowym. Dane kontaktowe, adres klubu i informacje dotycz\u0105ce lokalizacji.","og_url":"https:\/\/kktenis.pl\/kkt\/kontakt\/","og_site_name":"K\u0119dzierzy\u0144ski Klub Tenisowy","article_publisher":"https:\/\/www.facebook.com\/TenisClubKedzierzynKozle\/?locale=pl_PL","article_modified_time":"2025-01-24T09:06:28+00:00","twitter_card":"summary_large_image","twitter_misc":{"Szacowany czas czytania":"1 minuta"},"schema":{"@context":"https:\/\/schema.org","@graph":[{"@type":"WebPage","@id":"https:\/\/kktenis.pl\/kkt\/kontakt\/","url":"https:\/\/kktenis.pl\/kkt\/kontakt\/","name":"Kontakt - K\u0119dzierzy\u0144ski Klub Tenisowy","isPartOf":{"@id":"https:\/\/kktenis.pl\/kkt\/#website"},"datePublished":"2024-01-17T09:40:58+00:00","dateModified":"2025-01-24T09:06:28+00:00","description":"Skontaktuj si\u0119 z K\u0119dzierzy\u0144skim Klubem Tenisowym. Dane kontaktowe, adres klubu i informacje dotycz\u0105ce lokalizacji.","breadcrumb":{"@id":"https:\/\/kktenis.pl\/kkt\/kontakt\/#breadcrumb"},"inLanguage":"pl-PL","potentialAction":[{"@type":"ReadAction","target":["https:\/\/kktenis.pl\/kkt\/kontakt\/"]}]},{"@type":"BreadcrumbList","@id":"https:\/\/kktenis.pl\/kkt\/kontakt\/#breadcrumb","itemListElement":[{"@type":"ListItem","position":1,"name":"Strona g\u0142\u00f3wna","item":"https:\/\/kktenis.pl\/kkt\/"},{"@type":"ListItem","position":2,"name":"Kontakt"}]},{"@type":"WebSite","@id":"https:\/\/kktenis.pl\/kkt\/#website","url":"https:\/\/kktenis.pl\/kkt\/","name":"K\u0119dzierzy\u0144ski Klub Tenisowy","description":"Sklep - Wz\u00f3r instalacji sklepu","publisher":{"@id":"https:\/\/kktenis.pl\/kkt\/#organization"},"potentialAction":[{"@type":"SearchAction","target":{"@type":"EntryPoint","urlTemplate":"https:\/\/kktenis.pl\/kkt\/?s={search_term_string}"},"query-input":{"@type":"PropertyValueSpecification","valueRequired":true,"valueName":"search_term_string"}}],"inLanguage":"pl-PL"},{"@type":"Organization","@id":"https:\/\/kktenis.pl\/kkt\/#organization","name":"K\u0119dzierzy\u0144ski Klub Tenisowy","url":"https:\/\/kktenis.pl\/kkt\/","logo":{"@type":"ImageObject","inLanguage":"pl-PL","@id":"https:\/\/kktenis.pl\/kkt\/#\/schema\/logo\/image\/","url":"https:\/\/kktenis.pl\/kkt\/wp-content\/uploads\/2024\/01\/logo.png","contentUrl":"https:\/\/kktenis.pl\/kkt\/wp-content\/uploads\/2024\/01\/logo.png","width":133,"height":65,"caption":"K\u0119dzierzy\u0144ski Klub Tenisowy"},"image":{"@id":"https:\/\/kktenis.pl\/kkt\/#\/schema\/logo\/image\/"},"sameAs":["https:\/\/www.facebook.com\/TenisClubKedzierzynKozle\/?locale=pl_PL"]}]}},"_links":{"self":[{"href":"https:\/\/kktenis.pl\/kkt\/wp-json\/wp\/v2\/pages\/1397","targetHints":{"allow":["GET"]}}],"collection":[{"href":"https:\/\/kktenis.pl\/kkt\/wp-json\/wp\/v2\/pages"}],"about":[{"href":"https:\/\/kktenis.pl\/kkt\/wp-json\/wp\/v2\/types\/page"}],"author":[{"embeddable":true,"href":"https:\/\/kktenis.pl\/kkt\/wp-json\/wp\/v2\/users\/1"}],"replies":[{"embeddable":true,"href":"https:\/\/kktenis.pl\/kkt\/wp-json\/wp\/v2\/comments?post=1397"}],"version-history":[{"count":32,"href":"https:\/\/kktenis.pl\/kkt\/wp-json\/wp\/v2\/pages\/1397\/revisions"}],"predecessor-version":[{"id":4231,"href":"https:\/\/kktenis.pl\/kkt\/wp-json\/wp\/v2\/pages\/1397\/revisions\/4231"}],"wp:attachment":[{"href":"https:\/\/kktenis.pl\/kkt\/wp-json\/wp\/v2\/media?parent=1397"}],"curies":[{"name":"wp","href":"https:\/\/api.w.org\/{rel}","templated":true}]}}